{"id":2495,"date":"2026-04-14T15:10:56","date_gmt":"2026-04-14T13:10:56","guid":{"rendered":"https:\/\/ocupharm.com\/specialized-oversight-in-ophthalmic-clinical-trials\/"},"modified":"2026-04-22T17:07:49","modified_gmt":"2026-04-22T15:07:49","slug":"specialized-oversight-in-ophthalmic-clinical-trials","status":"publish","type":"page","link":"https:\/\/ocupharm.com\/en\/specialized-oversight-in-ophthalmic-clinical-trials\/","title":{"rendered":"Specialized Oversight in Ophthalmic Clinical Trials"},"content":{"rendered":"\t\t<div data-elementor-type=\"wp-page\" data-elementor-id=\"2495\" class=\"elementor elementor-2495 elementor-2464\" data-elementor-post-type=\"page\">\n\t\t\t\t<div class=\"elementor-element elementor-element-3bf4380 e-flex e-con-boxed e-con e-parent\" data-id=\"3bf4380\" data-element_type=\"container\" data-e-type=\"container\" data-settings=\"{&quot;background_background&quot;:&quot;classic&quot;}\">\n\t\t\t\t\t<div class=\"e-con-inner\">\n\t\t<div class=\"elementor-element elementor-element-97c9632 e-con-full e-flex e-con e-child\" data-id=\"97c9632\" data-element_type=\"container\" data-e-type=\"container\">\n\t\t\t\t<div class=\"elementor-element elementor-element-86ca0f0 elementor-widget elementor-widget-heading\" data-id=\"86ca0f0\" data-element_type=\"widget\" data-e-type=\"widget\" data-widget_type=\"heading.default\">\n\t\t\t\t<div class=\"elementor-widget-container\">\n\t\t\t\t\t<h1 class=\"elementor-heading-title elementor-size-default\">Specialized Oversight in Ophthalmic Clinical Trials <\/h1>\t\t\t\t<\/div>\n\t\t\t\t<\/div>\n\t\t\t\t<div class=\"elementor-element elementor-element-469e1d3 elementor-widget elementor-widget-text-editor\" data-id=\"469e1d3\" data-element_type=\"widget\" data-e-type=\"widget\" data-widget_type=\"text-editor.default\">\n\t\t\t\t<div class=\"elementor-widget-container\">\n\t\t\t\t\t\t\t\t\t<p>We oversee trial conduct through a structured monitoring plan tailored to each clinical project, ensuring protocol compliance, data quality, and adherence to Good Clinical Practice (GCP) and ICH E6 (R3) guidelines.<\/p>\t\t\t\t\t\t\t\t<\/div>\n\t\t\t\t<\/div>\n\t\t\t\t<\/div>\n\t\t<div class=\"elementor-element elementor-element-caa751c e-con-full elementor-hidden-mobile e-flex e-con e-child\" data-id=\"caa751c\" data-element_type=\"container\" data-e-type=\"container\">\n\t\t\t\t<\/div>\n\t\t\t\t\t<\/div>\n\t\t\t\t<\/div>\n\t\t<div class=\"elementor-element elementor-element-d249195 e-flex e-con-boxed e-con e-parent\" data-id=\"d249195\" data-element_type=\"container\" data-e-type=\"container\">\n\t\t\t\t\t<div class=\"e-con-inner\">\n\t\t<div class=\"elementor-element elementor-element-991babf e-con-full e-flex e-con e-child\" data-id=\"991babf\" data-element_type=\"container\" data-e-type=\"container\" data-settings=\"{&quot;background_background&quot;:&quot;classic&quot;}\">\n\t\t\t\t<div class=\"elementor-element elementor-element-1a8385c elementor-widget elementor-widget-spacer\" data-id=\"1a8385c\" data-element_type=\"widget\" data-e-type=\"widget\" data-widget_type=\"spacer.default\">\n\t\t\t\t<div class=\"elementor-widget-container\">\n\t\t\t\t\t\t\t<div class=\"elementor-spacer\">\n\t\t\t<div class=\"elementor-spacer-inner\"><\/div>\n\t\t<\/div>\n\t\t\t\t\t\t<\/div>\n\t\t\t\t<\/div>\n\t\t\t\t<\/div>\n\t\t<div class=\"elementor-element elementor-element-9fe78e4 e-con-full e-flex e-con e-child\" data-id=\"9fe78e4\" data-element_type=\"container\" data-e-type=\"container\">\n\t\t<div class=\"elementor-element elementor-element-c25e4f8 e-con-full e-flex e-con e-child\" data-id=\"c25e4f8\" data-element_type=\"container\" data-e-type=\"container\">\n\t\t\t\t<div class=\"elementor-element elementor-element-c9b62fb elementor-widget elementor-widget-heading\" data-id=\"c9b62fb\" data-element_type=\"widget\" data-e-type=\"widget\" data-widget_type=\"heading.default\">\n\t\t\t\t<div class=\"elementor-widget-container\">\n\t\t\t\t\t<h2 class=\"elementor-heading-title elementor-size-default\">Comprehensive Monitoring <\/h2>\t\t\t\t<\/div>\n\t\t\t\t<\/div>\n\t\t\t\t<div class=\"elementor-element elementor-element-386a3a6 elementor-widget elementor-widget-text-editor\" data-id=\"386a3a6\" data-element_type=\"widget\" data-e-type=\"widget\" data-widget_type=\"text-editor.default\">\n\t\t\t\t<div class=\"elementor-widget-container\">\n\t\t\t\t\t\t\t\t\t<p>We combine on-site and remote oversight to provide a complete view of the study. This approach enables early identification of operational, clinical, and data-related risks.<\/p>\t\t\t\t\t\t\t\t<\/div>\n\t\t\t\t<\/div>\n\t\t\t\t<\/div>\n\t\t<div class=\"elementor-element elementor-element-b6eec34 e-con-full e-flex e-con e-child\" data-id=\"b6eec34\" data-element_type=\"container\" data-e-type=\"container\">\n\t\t\t\t<div class=\"elementor-element elementor-element-108fd5e elementor-widget elementor-widget-heading\" data-id=\"108fd5e\" data-element_type=\"widget\" data-e-type=\"widget\" data-widget_type=\"heading.default\">\n\t\t\t\t<div class=\"elementor-widget-container\">\n\t\t\t\t\t<h2 class=\"elementor-heading-title elementor-size-default\">Source Data Verification (SDV) <\/h2>\t\t\t\t<\/div>\n\t\t\t\t<\/div>\n\t\t\t\t<div class=\"elementor-element elementor-element-647b742 elementor-widget elementor-widget-text-editor\" data-id=\"647b742\" data-element_type=\"widget\" data-e-type=\"widget\" data-widget_type=\"text-editor.default\">\n\t\t\t\t<div class=\"elementor-widget-container\">\n\t\t\t\t\t\t\t\t\t<p>We cross-check recorded data with source documentation to ensure accuracy.<br>We prioritize the review of critical variables that impact patient safety and study outcomes.<\/p>\t\t\t\t\t\t\t\t<\/div>\n\t\t\t\t<\/div>\n\t\t\t\t<\/div>\n\t\t\t\t<\/div>\n\t\t\t\t\t<\/div>\n\t\t\t\t<\/div>\n\t\t<div class=\"elementor-element elementor-element-5ccb900 e-flex e-con-boxed e-con e-parent\" data-id=\"5ccb900\" data-element_type=\"container\" data-e-type=\"container\" data-settings=\"{&quot;background_background&quot;:&quot;classic&quot;}\">\n\t\t\t\t\t<div class=\"e-con-inner\">\n\t\t<div class=\"elementor-element elementor-element-541c5b9 e-con-full e-flex e-con e-child\" data-id=\"541c5b9\" data-element_type=\"container\" data-e-type=\"container\">\n\t\t<div class=\"elementor-element elementor-element-3eb5048 e-con-full e-flex e-con e-child\" data-id=\"3eb5048\" data-element_type=\"container\" data-e-type=\"container\">\n\t\t\t\t<div class=\"elementor-element elementor-element-7348eef elementor-widget elementor-widget-heading\" data-id=\"7348eef\" data-element_type=\"widget\" data-e-type=\"widget\" data-widget_type=\"heading.default\">\n\t\t\t\t<div class=\"elementor-widget-container\">\n\t\t\t\t\t<h2 class=\"elementor-heading-title elementor-size-default\">Protocol Adherence <\/h2>\t\t\t\t<\/div>\n\t\t\t\t<\/div>\n\t\t\t\t<div class=\"elementor-element elementor-element-eab5da9 elementor-widget elementor-widget-text-editor\" data-id=\"eab5da9\" data-element_type=\"widget\" data-e-type=\"widget\" data-widget_type=\"text-editor.default\">\n\t\t\t\t<div class=\"elementor-widget-container\">\n\t\t\t\t\t\t\t\t\t<p>We identify, record and analyze any deviation from the protocol or procedures.<br>We apply corrective actions and follow up to prevent recurrences.<\/p>\t\t\t\t\t\t\t\t<\/div>\n\t\t\t\t<\/div>\n\t\t\t\t<\/div>\n\t\t<div class=\"elementor-element elementor-element-42e5c89 e-con-full e-flex e-con e-child\" data-id=\"42e5c89\" data-element_type=\"container\" data-e-type=\"container\">\n\t\t\t\t<div class=\"elementor-element elementor-element-2e8bda4 elementor-widget elementor-widget-heading\" data-id=\"2e8bda4\" data-element_type=\"widget\" data-e-type=\"widget\" data-widget_type=\"heading.default\">\n\t\t\t\t<div class=\"elementor-widget-container\">\n\t\t\t\t\t<h2 class=\"elementor-heading-title elementor-size-default\">Deviation Identification &amp; Management <\/h2>\t\t\t\t<\/div>\n\t\t\t\t<\/div>\n\t\t\t\t<div class=\"elementor-element elementor-element-52d1cf6 elementor-widget elementor-widget-text-editor\" data-id=\"52d1cf6\" data-element_type=\"widget\" data-e-type=\"widget\" data-widget_type=\"text-editor.default\">\n\t\t\t\t<div class=\"elementor-widget-container\">\n\t\t\t\t\t\t\t\t\t<p>All protocol or study SOP deviations are carefully recorded and analyzed. Immediate corrective actions are implemented, followed by continuous tracking to prevent recurrence.<\/p>\t\t\t\t\t\t\t\t<\/div>\n\t\t\t\t<\/div>\n\t\t\t\t<\/div>\n\t\t\t\t<\/div>\n\t\t<div class=\"elementor-element elementor-element-4657843 e-con-full e-flex e-con e-child\" data-id=\"4657843\" data-element_type=\"container\" data-e-type=\"container\" data-settings=\"{&quot;background_background&quot;:&quot;classic&quot;}\">\n\t\t\t\t<div class=\"elementor-element elementor-element-6dbc04f elementor-widget elementor-widget-spacer\" data-id=\"6dbc04f\" data-element_type=\"widget\" data-e-type=\"widget\" data-widget_type=\"spacer.default\">\n\t\t\t\t<div class=\"elementor-widget-container\">\n\t\t\t\t\t\t\t<div class=\"elementor-spacer\">\n\t\t\t<div class=\"elementor-spacer-inner\"><\/div>\n\t\t<\/div>\n\t\t\t\t\t\t<\/div>\n\t\t\t\t<\/div>\n\t\t\t\t<\/div>\n\t\t\t\t\t<\/div>\n\t\t\t\t<\/div>\n\t\t<div class=\"elementor-element elementor-element-67ac3cd e-flex e-con-boxed e-con e-parent\" data-id=\"67ac3cd\" data-element_type=\"container\" data-e-type=\"container\">\n\t\t\t\t\t<div class=\"e-con-inner\">\n\t\t<div class=\"elementor-element elementor-element-f61110a e-con-full e-flex e-con e-child\" data-id=\"f61110a\" data-element_type=\"container\" data-e-type=\"container\" data-settings=\"{&quot;background_background&quot;:&quot;classic&quot;}\">\n\t\t\t\t<div class=\"elementor-element elementor-element-abde1dc elementor-widget elementor-widget-spacer\" data-id=\"abde1dc\" data-element_type=\"widget\" data-e-type=\"widget\" data-widget_type=\"spacer.default\">\n\t\t\t\t<div class=\"elementor-widget-container\">\n\t\t\t\t\t\t\t<div class=\"elementor-spacer\">\n\t\t\t<div class=\"elementor-spacer-inner\"><\/div>\n\t\t<\/div>\n\t\t\t\t\t\t<\/div>\n\t\t\t\t<\/div>\n\t\t\t\t<\/div>\n\t\t<div class=\"elementor-element elementor-element-8e4f5dc e-con-full e-flex e-con e-child\" data-id=\"8e4f5dc\" data-element_type=\"container\" data-e-type=\"container\">\n\t\t<div class=\"elementor-element elementor-element-20f0bd8 e-con-full e-flex e-con e-child\" data-id=\"20f0bd8\" data-element_type=\"container\" data-e-type=\"container\">\n\t\t\t\t<div class=\"elementor-element elementor-element-3cd1163 elementor-widget elementor-widget-heading\" data-id=\"3cd1163\" data-element_type=\"widget\" data-e-type=\"widget\" data-widget_type=\"heading.default\">\n\t\t\t\t<div class=\"elementor-widget-container\">\n\t\t\t\t\t<h2 class=\"elementor-heading-title elementor-size-default\">GCP-Compliant Audits <\/h2>\t\t\t\t<\/div>\n\t\t\t\t<\/div>\n\t\t\t\t<div class=\"elementor-element elementor-element-a0dabb0 elementor-widget elementor-widget-text-editor\" data-id=\"a0dabb0\" data-element_type=\"widget\" data-e-type=\"widget\" data-widget_type=\"text-editor.default\">\n\t\t\t\t<div class=\"elementor-widget-container\">\n\t\t\t\t\t\t\t\t\t<p>We conduct periodic assessments to verify compliance with GCP and applicable regulations.<br>We ensure data integrity and participant protection.<\/p>\t\t\t\t\t\t\t\t<\/div>\n\t\t\t\t<\/div>\n\t\t\t\t<\/div>\n\t\t<div class=\"elementor-element elementor-element-e46a637 e-con-full e-flex e-con e-child\" data-id=\"e46a637\" data-element_type=\"container\" data-e-type=\"container\">\n\t\t\t\t<div class=\"elementor-element elementor-element-4adfa0d elementor-widget elementor-widget-heading\" data-id=\"4adfa0d\" data-element_type=\"widget\" data-e-type=\"widget\" data-widget_type=\"heading.default\">\n\t\t\t\t<div class=\"elementor-widget-container\">\n\t\t\t\t\t<h2 class=\"elementor-heading-title elementor-size-default\">Quality Reporting <\/h2>\t\t\t\t<\/div>\n\t\t\t\t<\/div>\n\t\t\t\t<div class=\"elementor-element elementor-element-d05af07 elementor-widget elementor-widget-text-editor\" data-id=\"d05af07\" data-element_type=\"widget\" data-e-type=\"widget\" data-widget_type=\"text-editor.default\">\n\t\t\t\t<div class=\"elementor-widget-container\">\n\t\t\t\t\t\t\t\t\t<p>We generate regular reports including findings, key metrics, and implemented actions. We facilitate informed decision making and continuous improvement of the study.<\/p>\t\t\t\t\t\t\t\t<\/div>\n\t\t\t\t<\/div>\n\t\t\t\t<\/div>\n\t\t\t\t<\/div>\n\t\t\t\t\t<\/div>\n\t\t\t\t<\/div>\n\t\t\t\t<section class=\"elementor-section elementor-top-section elementor-element elementor-element-0dd5d7d elementor-section-content-bottom elementor-section-boxed elementor-section-height-default elementor-section-height-default\" data-id=\"0dd5d7d\" data-element_type=\"section\" data-e-type=\"section\" data-settings=\"{&quot;background_background&quot;:&quot;video&quot;,&quot;background_video_link&quot;:&quot;https:\\\/\\\/ocupharm.com\\\/wp-content\\\/uploads\\\/2024\\\/04\\\/scientist-in-mask-and-glasses-looking-through-lab-2023-12-20-16-10-50-utc.mp4&quot;,&quot;background_video_start&quot;:0,&quot;background_video_end&quot;:0,&quot;background_play_on_mobile&quot;:&quot;yes&quot;}\">\n\t\t\t\t\t\t\t\t<div class=\"elementor-background-video-container\">\n\t\t\t\t\t\t\t\t\t\t\t\t\t<video class=\"elementor-background-video-hosted\" role=\"presentation\" autoplay muted playsinline loop><\/video>\n\t\t\t\t\t\t\t\t\t\t\t<\/div>\n\t\t\t\t\t\t\t\t\t<div class=\"elementor-background-overlay\"><\/div>\n\t\t\t\t\t\t\t<div class=\"elementor-container elementor-column-gap-default\">\n\t\t\t\t\t<div class=\"elementor-column elementor-col-100 elementor-top-column elementor-element elementor-element-3d07db1\" data-id=\"3d07db1\" data-element_type=\"column\" data-e-type=\"column\">\n\t\t\t<div class=\"elementor-widget-wrap elementor-element-populated\">\n\t\t\t\t\t\t<div class=\"elementor-element elementor-element-f814287 elementor-widget elementor-widget-heading\" data-id=\"f814287\" data-element_type=\"widget\" data-e-type=\"widget\" data-widget_type=\"heading.default\">\n\t\t\t\t<div class=\"elementor-widget-container\">\n\t\t\t\t\t<h2 class=\"elementor-heading-title elementor-size-default\">Do you have any questions?\n<\/h2>\t\t\t\t<\/div>\n\t\t\t\t<\/div>\n\t\t\t\t<div class=\"elementor-element elementor-element-720c86b elementor-widget elementor-widget-text-editor\" data-id=\"720c86b\" data-element_type=\"widget\" data-e-type=\"widget\" data-widget_type=\"text-editor.default\">\n\t\t\t\t<div class=\"elementor-widget-container\">\n\t\t\t\t\t\t\t\t\t<p data-start=\"875\" data-end=\"962\">Send us your message and we&#8217;ll get back to you as soon as possible.<\/p>\t\t\t\t\t\t\t\t<\/div>\n\t\t\t\t<\/div>\n\t\t\t\t<div class=\"elementor-element elementor-element-c5b15da elementor-align-center elementor-widget elementor-widget-button\" data-id=\"c5b15da\" data-element_type=\"widget\" data-e-type=\"widget\" data-widget_type=\"button.default\">\n\t\t\t\t<div class=\"elementor-widget-container\">\n\t\t\t\t\t\t\t\t\t<div class=\"elementor-button-wrapper\">\n\t\t\t\t\t<a class=\"elementor-button elementor-button-link elementor-size-sm\" href=\"https:\/\/ocupharm.com\/en\/contact\/\">\n\t\t\t\t\t\t<span class=\"elementor-button-content-wrapper\">\n\t\t\t\t\t\t\t\t\t<span class=\"elementor-button-text\">Contact us<\/span>\n\t\t\t\t\t<\/span>\n\t\t\t\t\t<\/a>\n\t\t\t\t<\/div>\n\t\t\t\t\t\t\t\t<\/div>\n\t\t\t\t<\/div>\n\t\t\t\t\t<\/div>\n\t\t<\/div>\n\t\t\t\t\t<\/div>\n\t\t<\/section>\n\t\t\t\t<\/div>\n\t\t","protected":false},"excerpt":{"rendered":"<p>Specialized Oversight in Ophthalmic Clinical Trials We oversee trial conduct through a structured monitoring plan tailored to each clinical project, ensuring protocol compliance, data quality, and adherence to Good Clinical Practice (GCP) and ICH E6 (R3) guidelines. Comprehensive Monitoring We combine on-site and remote oversight to provide a complete view of the study. This approach [&hellip;]<\/p>\n","protected":false},"author":4,"featured_media":0,"parent":0,"menu_order":0,"comment_status":"closed","ping_status":"closed","template":"","meta":{"_joinchat":[],"footnotes":""},"class_list":["post-2495","page","type-page","status-publish","hentry"],"yoast_head":"<!-- This site is optimized with the Yoast SEO plugin v25.6 - https:\/\/yoast.com\/wordpress\/plugins\/seo\/ -->\n<title>Specialized Oversight in Ophthalmic Clinical Trials - ocupharm<\/title>\n<meta name=\"robots\" content=\"noindex, nofollow\" \/>\n<meta property=\"og:locale\" content=\"en_US\" \/>\n<meta property=\"og:type\" content=\"article\" \/>\n<meta property=\"og:title\" content=\"Specialized Oversight in Ophthalmic Clinical Trials - ocupharm\" \/>\n<meta property=\"og:description\" content=\"Specialized Oversight in Ophthalmic Clinical Trials We oversee trial conduct through a structured monitoring plan tailored to each clinical project, ensuring protocol compliance, data quality, and adherence to Good Clinical Practice (GCP) and ICH E6 (R3) guidelines. Comprehensive Monitoring We combine on-site and remote oversight to provide a complete view of the study. This approach [&hellip;]\" \/>\n<meta property=\"og:url\" content=\"https:\/\/ocupharm.com\/en\/specialized-oversight-in-ophthalmic-clinical-trials\/\" \/>\n<meta property=\"og:site_name\" content=\"ocupharm\" \/>\n<meta property=\"article:modified_time\" content=\"2026-04-22T15:07:49+00:00\" \/>\n<meta name=\"twitter:card\" content=\"summary_large_image\" \/>\n<meta name=\"twitter:label1\" content=\"Est. reading time\" \/>\n\t<meta name=\"twitter:data1\" content=\"1 minute\" \/>\n<script type=\"application\/ld+json\" class=\"yoast-schema-graph\">{\"@context\":\"https:\/\/schema.org\",\"@graph\":[{\"@type\":\"WebPage\",\"@id\":\"https:\/\/ocupharm.com\/en\/specialized-oversight-in-ophthalmic-clinical-trials\/\",\"url\":\"https:\/\/ocupharm.com\/en\/specialized-oversight-in-ophthalmic-clinical-trials\/\",\"name\":\"Specialized Oversight in Ophthalmic Clinical Trials - ocupharm\",\"isPartOf\":{\"@id\":\"https:\/\/ocupharm.com\/#website\"},\"datePublished\":\"2026-04-14T13:10:56+00:00\",\"dateModified\":\"2026-04-22T15:07:49+00:00\",\"breadcrumb\":{\"@id\":\"https:\/\/ocupharm.com\/en\/specialized-oversight-in-ophthalmic-clinical-trials\/#breadcrumb\"},\"inLanguage\":\"en-US\",\"potentialAction\":[{\"@type\":\"ReadAction\",\"target\":[\"https:\/\/ocupharm.com\/en\/specialized-oversight-in-ophthalmic-clinical-trials\/\"]}]},{\"@type\":\"BreadcrumbList\",\"@id\":\"https:\/\/ocupharm.com\/en\/specialized-oversight-in-ophthalmic-clinical-trials\/#breadcrumb\",\"itemListElement\":[{\"@type\":\"ListItem\",\"position\":1,\"name\":\"Portada\",\"item\":\"https:\/\/ocupharm.com\/en\/\"},{\"@type\":\"ListItem\",\"position\":2,\"name\":\"Specialized Oversight in Ophthalmic Clinical Trials\"}]},{\"@type\":\"WebSite\",\"@id\":\"https:\/\/ocupharm.com\/#website\",\"url\":\"https:\/\/ocupharm.com\/\",\"name\":\"ocupharm\",\"description\":\"Asistencia y ayuda a la investigaci\u00f3n, desarrollo y regulaci\u00f3n de productos oftalmol\u00f3gicos.\",\"publisher\":{\"@id\":\"https:\/\/ocupharm.com\/#organization\"},\"potentialAction\":[{\"@type\":\"SearchAction\",\"target\":{\"@type\":\"EntryPoint\",\"urlTemplate\":\"https:\/\/ocupharm.com\/?s={search_term_string}\"},\"query-input\":{\"@type\":\"PropertyValueSpecification\",\"valueRequired\":true,\"valueName\":\"search_term_string\"}}],\"inLanguage\":\"en-US\"},{\"@type\":\"Organization\",\"@id\":\"https:\/\/ocupharm.com\/#organization\",\"name\":\"ocupharm\",\"url\":\"https:\/\/ocupharm.com\/\",\"logo\":{\"@type\":\"ImageObject\",\"inLanguage\":\"en-US\",\"@id\":\"https:\/\/ocupharm.com\/#\/schema\/logo\/image\/\",\"url\":\"https:\/\/ocupharm.com\/wp-content\/uploads\/2024\/04\/ocupahrmlogo.png\",\"contentUrl\":\"https:\/\/ocupharm.com\/wp-content\/uploads\/2024\/04\/ocupahrmlogo.png\",\"width\":196,\"height\":40,\"caption\":\"ocupharm\"},\"image\":{\"@id\":\"https:\/\/ocupharm.com\/#\/schema\/logo\/image\/\"}}]}<\/script>\n<!-- \/ Yoast SEO plugin. -->","yoast_head_json":{"title":"Specialized Oversight in Ophthalmic Clinical Trials - ocupharm","robots":{"index":"noindex","follow":"nofollow"},"og_locale":"en_US","og_type":"article","og_title":"Specialized Oversight in Ophthalmic Clinical Trials - ocupharm","og_description":"Specialized Oversight in Ophthalmic Clinical Trials We oversee trial conduct through a structured monitoring plan tailored to each clinical project, ensuring protocol compliance, data quality, and adherence to Good Clinical Practice (GCP) and ICH E6 (R3) guidelines. Comprehensive Monitoring We combine on-site and remote oversight to provide a complete view of the study. This approach [&hellip;]","og_url":"https:\/\/ocupharm.com\/en\/specialized-oversight-in-ophthalmic-clinical-trials\/","og_site_name":"ocupharm","article_modified_time":"2026-04-22T15:07:49+00:00","twitter_card":"summary_large_image","twitter_misc":{"Est. reading time":"1 minute"},"schema":{"@context":"https:\/\/schema.org","@graph":[{"@type":"WebPage","@id":"https:\/\/ocupharm.com\/en\/specialized-oversight-in-ophthalmic-clinical-trials\/","url":"https:\/\/ocupharm.com\/en\/specialized-oversight-in-ophthalmic-clinical-trials\/","name":"Specialized Oversight in Ophthalmic Clinical Trials - ocupharm","isPartOf":{"@id":"https:\/\/ocupharm.com\/#website"},"datePublished":"2026-04-14T13:10:56+00:00","dateModified":"2026-04-22T15:07:49+00:00","breadcrumb":{"@id":"https:\/\/ocupharm.com\/en\/specialized-oversight-in-ophthalmic-clinical-trials\/#breadcrumb"},"inLanguage":"en-US","potentialAction":[{"@type":"ReadAction","target":["https:\/\/ocupharm.com\/en\/specialized-oversight-in-ophthalmic-clinical-trials\/"]}]},{"@type":"BreadcrumbList","@id":"https:\/\/ocupharm.com\/en\/specialized-oversight-in-ophthalmic-clinical-trials\/#breadcrumb","itemListElement":[{"@type":"ListItem","position":1,"name":"Portada","item":"https:\/\/ocupharm.com\/en\/"},{"@type":"ListItem","position":2,"name":"Specialized Oversight in Ophthalmic Clinical Trials"}]},{"@type":"WebSite","@id":"https:\/\/ocupharm.com\/#website","url":"https:\/\/ocupharm.com\/","name":"ocupharm","description":"Asistencia y ayuda a la investigaci\u00f3n, desarrollo y regulaci\u00f3n de productos oftalmol\u00f3gicos.","publisher":{"@id":"https:\/\/ocupharm.com\/#organization"},"potentialAction":[{"@type":"SearchAction","target":{"@type":"EntryPoint","urlTemplate":"https:\/\/ocupharm.com\/?s={search_term_string}"},"query-input":{"@type":"PropertyValueSpecification","valueRequired":true,"valueName":"search_term_string"}}],"inLanguage":"en-US"},{"@type":"Organization","@id":"https:\/\/ocupharm.com\/#organization","name":"ocupharm","url":"https:\/\/ocupharm.com\/","logo":{"@type":"ImageObject","inLanguage":"en-US","@id":"https:\/\/ocupharm.com\/#\/schema\/logo\/image\/","url":"https:\/\/ocupharm.com\/wp-content\/uploads\/2024\/04\/ocupahrmlogo.png","contentUrl":"https:\/\/ocupharm.com\/wp-content\/uploads\/2024\/04\/ocupahrmlogo.png","width":196,"height":40,"caption":"ocupharm"},"image":{"@id":"https:\/\/ocupharm.com\/#\/schema\/logo\/image\/"}}]}},"_links":{"self":[{"href":"https:\/\/ocupharm.com\/en\/wp-json\/wp\/v2\/pages\/2495","targetHints":{"allow":["GET"]}}],"collection":[{"href":"https:\/\/ocupharm.com\/en\/wp-json\/wp\/v2\/pages"}],"about":[{"href":"https:\/\/ocupharm.com\/en\/wp-json\/wp\/v2\/types\/page"}],"author":[{"embeddable":true,"href":"https:\/\/ocupharm.com\/en\/wp-json\/wp\/v2\/users\/4"}],"replies":[{"embeddable":true,"href":"https:\/\/ocupharm.com\/en\/wp-json\/wp\/v2\/comments?post=2495"}],"version-history":[{"count":3,"href":"https:\/\/ocupharm.com\/en\/wp-json\/wp\/v2\/pages\/2495\/revisions"}],"predecessor-version":[{"id":2699,"href":"https:\/\/ocupharm.com\/en\/wp-json\/wp\/v2\/pages\/2495\/revisions\/2699"}],"wp:attachment":[{"href":"https:\/\/ocupharm.com\/en\/wp-json\/wp\/v2\/media?parent=2495"}],"curies":[{"name":"wp","href":"https:\/\/api.w.org\/{rel}","templated":true}]}}