{"id":2476,"date":"2026-04-14T13:52:54","date_gmt":"2026-04-14T11:52:54","guid":{"rendered":"https:\/\/ocupharm.com\/site-investigator-management\/"},"modified":"2026-04-22T17:08:01","modified_gmt":"2026-04-22T15:08:01","slug":"site-investigator-management","status":"publish","type":"page","link":"https:\/\/ocupharm.com\/en\/site-investigator-management\/","title":{"rendered":"Site &amp; Investigator Management"},"content":{"rendered":"\t\t<div data-elementor-type=\"wp-page\" data-elementor-id=\"2476\" class=\"elementor elementor-2476 elementor-2426\" data-elementor-post-type=\"page\">\n\t\t\t\t<div class=\"elementor-element elementor-element-3bf4380 e-flex e-con-boxed e-con e-parent\" data-id=\"3bf4380\" data-element_type=\"container\" data-e-type=\"container\" data-settings=\"{&quot;background_background&quot;:&quot;classic&quot;}\">\n\t\t\t\t\t<div class=\"e-con-inner\">\n\t\t<div class=\"elementor-element elementor-element-97c9632 e-con-full e-flex e-con e-child\" data-id=\"97c9632\" data-element_type=\"container\" data-e-type=\"container\">\n\t\t\t\t<div class=\"elementor-element elementor-element-86ca0f0 elementor-widget elementor-widget-heading\" data-id=\"86ca0f0\" data-element_type=\"widget\" data-e-type=\"widget\" data-widget_type=\"heading.default\">\n\t\t\t\t<div class=\"elementor-widget-container\">\n\t\t\t\t\t<h1 class=\"elementor-heading-title elementor-size-default\">Site &amp; Investigator Management<\/h1>\t\t\t\t<\/div>\n\t\t\t\t<\/div>\n\t\t\t\t<div class=\"elementor-element elementor-element-469e1d3 elementor-widget elementor-widget-text-editor\" data-id=\"469e1d3\" data-element_type=\"widget\" data-e-type=\"widget\" data-widget_type=\"text-editor.default\">\n\t\t\t\t<div class=\"elementor-widget-container\">\n\t\t\t\t\t\t\t\t\t<p>We manage communication with ophthalmology sites and research teams to ensure smooth study execution. We make sure each site is properly prepared, trained, and aligned with the specific requirements of the clinical trial, maximizing both study quality and effectiveness.<\/p>\t\t\t\t\t\t\t\t<\/div>\n\t\t\t\t<\/div>\n\t\t\t\t<\/div>\n\t\t<div class=\"elementor-element elementor-element-caa751c e-con-full elementor-hidden-mobile e-flex e-con e-child\" data-id=\"caa751c\" data-element_type=\"container\" data-e-type=\"container\">\n\t\t\t\t<\/div>\n\t\t\t\t\t<\/div>\n\t\t\t\t<\/div>\n\t\t<div class=\"elementor-element elementor-element-915692e e-flex e-con-boxed e-con e-parent\" data-id=\"915692e\" data-element_type=\"container\" data-e-type=\"container\">\n\t\t\t\t\t<div class=\"e-con-inner\">\n\t\t<div class=\"elementor-element elementor-element-98fe6bb e-con-full e-flex e-con e-child\" data-id=\"98fe6bb\" data-element_type=\"container\" data-e-type=\"container\" data-settings=\"{&quot;background_background&quot;:&quot;classic&quot;}\">\n\t\t\t\t<div class=\"elementor-element elementor-element-7ebd3ae elementor-widget elementor-widget-spacer\" data-id=\"7ebd3ae\" data-element_type=\"widget\" data-e-type=\"widget\" data-widget_type=\"spacer.default\">\n\t\t\t\t<div class=\"elementor-widget-container\">\n\t\t\t\t\t\t\t<div class=\"elementor-spacer\">\n\t\t\t<div class=\"elementor-spacer-inner\"><\/div>\n\t\t<\/div>\n\t\t\t\t\t\t<\/div>\n\t\t\t\t<\/div>\n\t\t\t\t<\/div>\n\t\t<div class=\"elementor-element elementor-element-2183797 e-con-full e-flex e-con e-child\" data-id=\"2183797\" data-element_type=\"container\" data-e-type=\"container\">\n\t\t<div class=\"elementor-element elementor-element-a74a37f e-con-full e-flex e-con e-child\" data-id=\"a74a37f\" data-element_type=\"container\" data-e-type=\"container\">\n\t\t\t\t<div class=\"elementor-element elementor-element-12464f4 elementor-widget elementor-widget-heading\" data-id=\"12464f4\" data-element_type=\"widget\" data-e-type=\"widget\" data-widget_type=\"heading.default\">\n\t\t\t\t<div class=\"elementor-widget-container\">\n\t\t\t\t\t<h2 class=\"elementor-heading-title elementor-size-default\">Site Initiation Visits (SIVs) <\/h2>\t\t\t\t<\/div>\n\t\t\t\t<\/div>\n\t\t\t\t<div class=\"elementor-element elementor-element-7eb6de0 elementor-widget elementor-widget-text-editor\" data-id=\"7eb6de0\" data-element_type=\"widget\" data-e-type=\"widget\" data-widget_type=\"text-editor.default\">\n\t\t\t\t<div class=\"elementor-widget-container\">\n\t\t\t\t\t\t\t\t\t<p>Conducting site visits to ensure readiness for study initiation, reviewing equipment and processes, and providing necessary training.<\/p>\t\t\t\t\t\t\t\t<\/div>\n\t\t\t\t<\/div>\n\t\t\t\t<\/div>\n\t\t<div class=\"elementor-element elementor-element-898a35b e-con-full e-flex e-con e-child\" data-id=\"898a35b\" data-element_type=\"container\" data-e-type=\"container\">\n\t\t\t\t<div class=\"elementor-element elementor-element-e28d5c5 elementor-widget elementor-widget-heading\" data-id=\"e28d5c5\" data-element_type=\"widget\" data-e-type=\"widget\" data-widget_type=\"heading.default\">\n\t\t\t\t<div class=\"elementor-widget-container\">\n\t\t\t\t\t<h2 class=\"elementor-heading-title elementor-size-default\">Investigator Team Training<\/h2>\t\t\t\t<\/div>\n\t\t\t\t<\/div>\n\t\t\t\t<div class=\"elementor-element elementor-element-eae8832 elementor-widget elementor-widget-text-editor\" data-id=\"eae8832\" data-element_type=\"widget\" data-e-type=\"widget\" data-widget_type=\"text-editor.default\">\n\t\t\t\t<div class=\"elementor-widget-container\">\n\t\t\t\t\t\t\t\t\t<p>Training of the teams in the study protocol and good clinical practices to ensure that the study is conducted correctly.<\/p>\t\t\t\t\t\t\t\t<\/div>\n\t\t\t\t<\/div>\n\t\t\t\t<\/div>\n\t\t\t\t<\/div>\n\t\t\t\t\t<\/div>\n\t\t\t\t<\/div>\n\t\t<div class=\"elementor-element elementor-element-56bab9b e-flex e-con-boxed e-con e-parent\" data-id=\"56bab9b\" data-element_type=\"container\" data-e-type=\"container\" data-settings=\"{&quot;background_background&quot;:&quot;classic&quot;}\">\n\t\t\t\t\t<div class=\"e-con-inner\">\n\t\t<div class=\"elementor-element elementor-element-89a9830 e-con-full e-flex e-con e-child\" data-id=\"89a9830\" data-element_type=\"container\" data-e-type=\"container\">\n\t\t<div class=\"elementor-element elementor-element-c7e41cd e-con-full e-flex e-con e-child\" data-id=\"c7e41cd\" data-element_type=\"container\" data-e-type=\"container\">\n\t\t\t\t<div class=\"elementor-element elementor-element-c183caf elementor-widget elementor-widget-heading\" data-id=\"c183caf\" data-element_type=\"widget\" data-e-type=\"widget\" data-widget_type=\"heading.default\">\n\t\t\t\t<div class=\"elementor-widget-container\">\n\t\t\t\t\t<h2 class=\"elementor-heading-title elementor-size-default\">Investigator Site File (ISF) Management &amp; Maintenance<\/h2>\t\t\t\t<\/div>\n\t\t\t\t<\/div>\n\t\t\t\t<div class=\"elementor-element elementor-element-181787b elementor-widget elementor-widget-text-editor\" data-id=\"181787b\" data-element_type=\"widget\" data-e-type=\"widget\" data-widget_type=\"text-editor.default\">\n\t\t\t\t<div class=\"elementor-widget-container\">\n\t\t\t\t\t\t\t\t\t<p>Organization and updating of the researcher&#8217;s file, ensuring that all important documents are up to date and comply with regulations.<\/p>\t\t\t\t\t\t\t\t<\/div>\n\t\t\t\t<\/div>\n\t\t\t\t<\/div>\n\t\t<div class=\"elementor-element elementor-element-6f3d3b7 e-con-full e-flex e-con e-child\" data-id=\"6f3d3b7\" data-element_type=\"container\" data-e-type=\"container\">\n\t\t\t\t<div class=\"elementor-element elementor-element-854351d elementor-widget elementor-widget-heading\" data-id=\"854351d\" data-element_type=\"widget\" data-e-type=\"widget\" data-widget_type=\"heading.default\">\n\t\t\t\t<div class=\"elementor-widget-container\">\n\t\t\t\t\t<h2 class=\"elementor-heading-title elementor-size-default\">Site Regulatory Documentation Updates<\/h2>\t\t\t\t<\/div>\n\t\t\t\t<\/div>\n\t\t\t\t<div class=\"elementor-element elementor-element-6356875 elementor-widget elementor-widget-text-editor\" data-id=\"6356875\" data-element_type=\"widget\" data-e-type=\"widget\" data-widget_type=\"text-editor.default\">\n\t\t\t\t<div class=\"elementor-widget-container\">\n\t\t\t\t\t\t\t\t\t<p>Regular review and updates of site regulatory documents to ensure compliance with legal and study requirements.<\/p>\t\t\t\t\t\t\t\t<\/div>\n\t\t\t\t<\/div>\n\t\t\t\t<\/div>\n\t\t\t\t<\/div>\n\t\t<div class=\"elementor-element elementor-element-a0a4598 e-con-full e-flex e-con e-child\" data-id=\"a0a4598\" data-element_type=\"container\" data-e-type=\"container\" data-settings=\"{&quot;background_background&quot;:&quot;classic&quot;}\">\n\t\t\t\t<div class=\"elementor-element elementor-element-a43a53b elementor-widget elementor-widget-spacer\" data-id=\"a43a53b\" data-element_type=\"widget\" data-e-type=\"widget\" data-widget_type=\"spacer.default\">\n\t\t\t\t<div class=\"elementor-widget-container\">\n\t\t\t\t\t\t\t<div class=\"elementor-spacer\">\n\t\t\t<div class=\"elementor-spacer-inner\"><\/div>\n\t\t<\/div>\n\t\t\t\t\t\t<\/div>\n\t\t\t\t<\/div>\n\t\t\t\t<\/div>\n\t\t\t\t\t<\/div>\n\t\t\t\t<\/div>\n\t\t<div class=\"elementor-element elementor-element-22368f2 e-flex e-con-boxed e-con e-parent\" data-id=\"22368f2\" data-element_type=\"container\" data-e-type=\"container\">\n\t\t\t\t\t<div class=\"e-con-inner\">\n\t\t<div class=\"elementor-element elementor-element-bd824b7 e-con-full e-flex e-con e-child\" data-id=\"bd824b7\" data-element_type=\"container\" data-e-type=\"container\" data-settings=\"{&quot;background_background&quot;:&quot;classic&quot;}\">\n\t\t\t\t<div class=\"elementor-element elementor-element-5acda77 elementor-widget elementor-widget-spacer\" data-id=\"5acda77\" data-element_type=\"widget\" data-e-type=\"widget\" data-widget_type=\"spacer.default\">\n\t\t\t\t<div class=\"elementor-widget-container\">\n\t\t\t\t\t\t\t<div class=\"elementor-spacer\">\n\t\t\t<div class=\"elementor-spacer-inner\"><\/div>\n\t\t<\/div>\n\t\t\t\t\t\t<\/div>\n\t\t\t\t<\/div>\n\t\t\t\t<\/div>\n\t\t<div class=\"elementor-element elementor-element-eecfe8a e-con-full e-flex e-con e-child\" data-id=\"eecfe8a\" data-element_type=\"container\" data-e-type=\"container\">\n\t\t<div class=\"elementor-element elementor-element-345c994 e-con-full e-flex e-con e-child\" data-id=\"345c994\" data-element_type=\"container\" data-e-type=\"container\">\n\t\t\t\t<div class=\"elementor-element elementor-element-ab4c2e4 elementor-widget elementor-widget-heading\" data-id=\"ab4c2e4\" data-element_type=\"widget\" data-e-type=\"widget\" data-widget_type=\"heading.default\">\n\t\t\t\t<div class=\"elementor-widget-container\">\n\t\t\t\t\t<h2 class=\"elementor-heading-title elementor-size-default\">Ongoing Communication with the Principal Investigator (PI) <\/h2>\t\t\t\t<\/div>\n\t\t\t\t<\/div>\n\t\t\t\t<div class=\"elementor-element elementor-element-f46b9ef elementor-widget elementor-widget-text-editor\" data-id=\"f46b9ef\" data-element_type=\"widget\" data-e-type=\"widget\" data-widget_type=\"text-editor.default\">\n\t\t\t\t<div class=\"elementor-widget-container\">\n\t\t\t\t\t\t\t\t\t<p>Maintaining continuous communication with the PI to address questions and ensure smooth study progression.<\/p>\t\t\t\t\t\t\t\t<\/div>\n\t\t\t\t<\/div>\n\t\t\t\t<\/div>\n\t\t<div class=\"elementor-element elementor-element-e7ec93d e-con-full e-flex e-con e-child\" data-id=\"e7ec93d\" data-element_type=\"container\" data-e-type=\"container\">\n\t\t\t\t<div class=\"elementor-element elementor-element-2592b9c elementor-widget elementor-widget-heading\" data-id=\"2592b9c\" data-element_type=\"widget\" data-e-type=\"widget\" data-widget_type=\"heading.default\">\n\t\t\t\t<div class=\"elementor-widget-container\">\n\t\t\t\t\t<h2 class=\"elementor-heading-title elementor-size-default\">Support for Patient Recruitment &amp; Retention<\/h2>\t\t\t\t<\/div>\n\t\t\t\t<\/div>\n\t\t\t\t<div class=\"elementor-element elementor-element-7274b48 elementor-widget elementor-widget-text-editor\" data-id=\"7274b48\" data-element_type=\"widget\" data-e-type=\"widget\" data-widget_type=\"text-editor.default\">\n\t\t\t\t<div class=\"elementor-widget-container\">\n\t\t\t\t\t\t\t\t\t<p>Assistance in patient recruitment and follow-up during the study to ensure that patients participate until the end of the study.<\/p>\t\t\t\t\t\t\t\t<\/div>\n\t\t\t\t<\/div>\n\t\t\t\t<\/div>\n\t\t\t\t<\/div>\n\t\t\t\t\t<\/div>\n\t\t\t\t<\/div>\n\t\t\t\t<section class=\"elementor-section elementor-top-section elementor-element elementor-element-0dd5d7d elementor-section-content-bottom elementor-section-boxed elementor-section-height-default elementor-section-height-default\" data-id=\"0dd5d7d\" data-element_type=\"section\" data-e-type=\"section\" data-settings=\"{&quot;background_background&quot;:&quot;video&quot;,&quot;background_video_link&quot;:&quot;https:\\\/\\\/ocupharm.com\\\/wp-content\\\/uploads\\\/2024\\\/04\\\/scientist-in-mask-and-glasses-looking-through-lab-2023-12-20-16-10-50-utc.mp4&quot;,&quot;background_video_start&quot;:0,&quot;background_video_end&quot;:0,&quot;background_play_on_mobile&quot;:&quot;yes&quot;}\">\n\t\t\t\t\t\t\t\t<div class=\"elementor-background-video-container\">\n\t\t\t\t\t\t\t\t\t\t\t\t\t<video class=\"elementor-background-video-hosted\" role=\"presentation\" autoplay muted playsinline loop><\/video>\n\t\t\t\t\t\t\t\t\t\t\t<\/div>\n\t\t\t\t\t\t\t\t\t<div class=\"elementor-background-overlay\"><\/div>\n\t\t\t\t\t\t\t<div class=\"elementor-container elementor-column-gap-default\">\n\t\t\t\t\t<div class=\"elementor-column elementor-col-100 elementor-top-column elementor-element elementor-element-3d07db1\" data-id=\"3d07db1\" data-element_type=\"column\" data-e-type=\"column\">\n\t\t\t<div class=\"elementor-widget-wrap elementor-element-populated\">\n\t\t\t\t\t\t<div class=\"elementor-element elementor-element-f814287 elementor-widget elementor-widget-heading\" data-id=\"f814287\" data-element_type=\"widget\" data-e-type=\"widget\" data-widget_type=\"heading.default\">\n\t\t\t\t<div class=\"elementor-widget-container\">\n\t\t\t\t\t<h2 class=\"elementor-heading-title elementor-size-default\">Do you have any questions?\n<\/h2>\t\t\t\t<\/div>\n\t\t\t\t<\/div>\n\t\t\t\t<div class=\"elementor-element elementor-element-720c86b elementor-widget elementor-widget-text-editor\" data-id=\"720c86b\" data-element_type=\"widget\" data-e-type=\"widget\" data-widget_type=\"text-editor.default\">\n\t\t\t\t<div class=\"elementor-widget-container\">\n\t\t\t\t\t\t\t\t\t<p data-start=\"875\" data-end=\"962\">Send us your message and we&#8217;ll get back to you as soon as possible.<\/p>\t\t\t\t\t\t\t\t<\/div>\n\t\t\t\t<\/div>\n\t\t\t\t<div class=\"elementor-element elementor-element-c5b15da elementor-align-center elementor-widget elementor-widget-button\" data-id=\"c5b15da\" data-element_type=\"widget\" data-e-type=\"widget\" data-widget_type=\"button.default\">\n\t\t\t\t<div class=\"elementor-widget-container\">\n\t\t\t\t\t\t\t\t\t<div class=\"elementor-button-wrapper\">\n\t\t\t\t\t<a class=\"elementor-button elementor-button-link elementor-size-sm\" href=\"https:\/\/ocupharm.com\/en\/contact\/\">\n\t\t\t\t\t\t<span class=\"elementor-button-content-wrapper\">\n\t\t\t\t\t\t\t\t\t<span class=\"elementor-button-text\">Contact us<\/span>\n\t\t\t\t\t<\/span>\n\t\t\t\t\t<\/a>\n\t\t\t\t<\/div>\n\t\t\t\t\t\t\t\t<\/div>\n\t\t\t\t<\/div>\n\t\t\t\t\t<\/div>\n\t\t<\/div>\n\t\t\t\t\t<\/div>\n\t\t<\/section>\n\t\t\t\t<\/div>\n\t\t","protected":false},"excerpt":{"rendered":"<p>Site &amp; Investigator Management We manage communication with ophthalmology sites and research teams to ensure smooth study execution. We make sure each site is properly prepared, trained, and aligned with the specific requirements of the clinical trial, maximizing both study quality and effectiveness. Site Initiation Visits (SIVs) Conducting site visits to ensure readiness for study [&hellip;]<\/p>\n","protected":false},"author":4,"featured_media":0,"parent":0,"menu_order":0,"comment_status":"closed","ping_status":"closed","template":"","meta":{"_joinchat":[],"footnotes":""},"class_list":["post-2476","page","type-page","status-publish","hentry"],"yoast_head":"<!-- This site is optimized with the Yoast SEO plugin v25.6 - https:\/\/yoast.com\/wordpress\/plugins\/seo\/ -->\n<title>Site &amp; Investigator Management - ocupharm<\/title>\n<meta name=\"robots\" content=\"noindex, nofollow\" \/>\n<meta property=\"og:locale\" content=\"en_US\" \/>\n<meta property=\"og:type\" content=\"article\" \/>\n<meta property=\"og:title\" content=\"Site &amp; Investigator Management - ocupharm\" \/>\n<meta property=\"og:description\" content=\"Site &amp; Investigator Management We manage communication with ophthalmology sites and research teams to ensure smooth study execution. We make sure each site is properly prepared, trained, and aligned with the specific requirements of the clinical trial, maximizing both study quality and effectiveness. Site Initiation Visits (SIVs) Conducting site visits to ensure readiness for study [&hellip;]\" \/>\n<meta property=\"og:url\" content=\"https:\/\/ocupharm.com\/en\/site-investigator-management\/\" \/>\n<meta property=\"og:site_name\" content=\"ocupharm\" \/>\n<meta property=\"article:modified_time\" content=\"2026-04-22T15:08:01+00:00\" \/>\n<meta name=\"twitter:card\" content=\"summary_large_image\" \/>\n<meta name=\"twitter:label1\" content=\"Est. reading time\" \/>\n\t<meta name=\"twitter:data1\" content=\"1 minute\" \/>\n<script type=\"application\/ld+json\" class=\"yoast-schema-graph\">{\"@context\":\"https:\/\/schema.org\",\"@graph\":[{\"@type\":\"WebPage\",\"@id\":\"https:\/\/ocupharm.com\/en\/site-investigator-management\/\",\"url\":\"https:\/\/ocupharm.com\/en\/site-investigator-management\/\",\"name\":\"Site &amp; Investigator Management - ocupharm\",\"isPartOf\":{\"@id\":\"https:\/\/ocupharm.com\/#website\"},\"datePublished\":\"2026-04-14T11:52:54+00:00\",\"dateModified\":\"2026-04-22T15:08:01+00:00\",\"breadcrumb\":{\"@id\":\"https:\/\/ocupharm.com\/en\/site-investigator-management\/#breadcrumb\"},\"inLanguage\":\"en-US\",\"potentialAction\":[{\"@type\":\"ReadAction\",\"target\":[\"https:\/\/ocupharm.com\/en\/site-investigator-management\/\"]}]},{\"@type\":\"BreadcrumbList\",\"@id\":\"https:\/\/ocupharm.com\/en\/site-investigator-management\/#breadcrumb\",\"itemListElement\":[{\"@type\":\"ListItem\",\"position\":1,\"name\":\"Portada\",\"item\":\"https:\/\/ocupharm.com\/en\/\"},{\"@type\":\"ListItem\",\"position\":2,\"name\":\"Site &amp; Investigator Management\"}]},{\"@type\":\"WebSite\",\"@id\":\"https:\/\/ocupharm.com\/#website\",\"url\":\"https:\/\/ocupharm.com\/\",\"name\":\"ocupharm\",\"description\":\"Asistencia y ayuda a la investigaci\u00f3n, desarrollo y regulaci\u00f3n de productos oftalmol\u00f3gicos.\",\"publisher\":{\"@id\":\"https:\/\/ocupharm.com\/#organization\"},\"potentialAction\":[{\"@type\":\"SearchAction\",\"target\":{\"@type\":\"EntryPoint\",\"urlTemplate\":\"https:\/\/ocupharm.com\/?s={search_term_string}\"},\"query-input\":{\"@type\":\"PropertyValueSpecification\",\"valueRequired\":true,\"valueName\":\"search_term_string\"}}],\"inLanguage\":\"en-US\"},{\"@type\":\"Organization\",\"@id\":\"https:\/\/ocupharm.com\/#organization\",\"name\":\"ocupharm\",\"url\":\"https:\/\/ocupharm.com\/\",\"logo\":{\"@type\":\"ImageObject\",\"inLanguage\":\"en-US\",\"@id\":\"https:\/\/ocupharm.com\/#\/schema\/logo\/image\/\",\"url\":\"https:\/\/ocupharm.com\/wp-content\/uploads\/2024\/04\/ocupahrmlogo.png\",\"contentUrl\":\"https:\/\/ocupharm.com\/wp-content\/uploads\/2024\/04\/ocupahrmlogo.png\",\"width\":196,\"height\":40,\"caption\":\"ocupharm\"},\"image\":{\"@id\":\"https:\/\/ocupharm.com\/#\/schema\/logo\/image\/\"}}]}<\/script>\n<!-- \/ Yoast SEO plugin. -->","yoast_head_json":{"title":"Site &amp; Investigator Management - ocupharm","robots":{"index":"noindex","follow":"nofollow"},"og_locale":"en_US","og_type":"article","og_title":"Site &amp; Investigator Management - ocupharm","og_description":"Site &amp; Investigator Management We manage communication with ophthalmology sites and research teams to ensure smooth study execution. We make sure each site is properly prepared, trained, and aligned with the specific requirements of the clinical trial, maximizing both study quality and effectiveness. Site Initiation Visits (SIVs) Conducting site visits to ensure readiness for study [&hellip;]","og_url":"https:\/\/ocupharm.com\/en\/site-investigator-management\/","og_site_name":"ocupharm","article_modified_time":"2026-04-22T15:08:01+00:00","twitter_card":"summary_large_image","twitter_misc":{"Est. reading time":"1 minute"},"schema":{"@context":"https:\/\/schema.org","@graph":[{"@type":"WebPage","@id":"https:\/\/ocupharm.com\/en\/site-investigator-management\/","url":"https:\/\/ocupharm.com\/en\/site-investigator-management\/","name":"Site &amp; Investigator Management - ocupharm","isPartOf":{"@id":"https:\/\/ocupharm.com\/#website"},"datePublished":"2026-04-14T11:52:54+00:00","dateModified":"2026-04-22T15:08:01+00:00","breadcrumb":{"@id":"https:\/\/ocupharm.com\/en\/site-investigator-management\/#breadcrumb"},"inLanguage":"en-US","potentialAction":[{"@type":"ReadAction","target":["https:\/\/ocupharm.com\/en\/site-investigator-management\/"]}]},{"@type":"BreadcrumbList","@id":"https:\/\/ocupharm.com\/en\/site-investigator-management\/#breadcrumb","itemListElement":[{"@type":"ListItem","position":1,"name":"Portada","item":"https:\/\/ocupharm.com\/en\/"},{"@type":"ListItem","position":2,"name":"Site &amp; Investigator Management"}]},{"@type":"WebSite","@id":"https:\/\/ocupharm.com\/#website","url":"https:\/\/ocupharm.com\/","name":"ocupharm","description":"Asistencia y ayuda a la investigaci\u00f3n, desarrollo y regulaci\u00f3n de productos oftalmol\u00f3gicos.","publisher":{"@id":"https:\/\/ocupharm.com\/#organization"},"potentialAction":[{"@type":"SearchAction","target":{"@type":"EntryPoint","urlTemplate":"https:\/\/ocupharm.com\/?s={search_term_string}"},"query-input":{"@type":"PropertyValueSpecification","valueRequired":true,"valueName":"search_term_string"}}],"inLanguage":"en-US"},{"@type":"Organization","@id":"https:\/\/ocupharm.com\/#organization","name":"ocupharm","url":"https:\/\/ocupharm.com\/","logo":{"@type":"ImageObject","inLanguage":"en-US","@id":"https:\/\/ocupharm.com\/#\/schema\/logo\/image\/","url":"https:\/\/ocupharm.com\/wp-content\/uploads\/2024\/04\/ocupahrmlogo.png","contentUrl":"https:\/\/ocupharm.com\/wp-content\/uploads\/2024\/04\/ocupahrmlogo.png","width":196,"height":40,"caption":"ocupharm"},"image":{"@id":"https:\/\/ocupharm.com\/#\/schema\/logo\/image\/"}}]}},"_links":{"self":[{"href":"https:\/\/ocupharm.com\/en\/wp-json\/wp\/v2\/pages\/2476","targetHints":{"allow":["GET"]}}],"collection":[{"href":"https:\/\/ocupharm.com\/en\/wp-json\/wp\/v2\/pages"}],"about":[{"href":"https:\/\/ocupharm.com\/en\/wp-json\/wp\/v2\/types\/page"}],"author":[{"embeddable":true,"href":"https:\/\/ocupharm.com\/en\/wp-json\/wp\/v2\/users\/4"}],"replies":[{"embeddable":true,"href":"https:\/\/ocupharm.com\/en\/wp-json\/wp\/v2\/comments?post=2476"}],"version-history":[{"count":3,"href":"https:\/\/ocupharm.com\/en\/wp-json\/wp\/v2\/pages\/2476\/revisions"}],"predecessor-version":[{"id":2695,"href":"https:\/\/ocupharm.com\/en\/wp-json\/wp\/v2\/pages\/2476\/revisions\/2695"}],"wp:attachment":[{"href":"https:\/\/ocupharm.com\/en\/wp-json\/wp\/v2\/media?parent=2476"}],"curies":[{"name":"wp","href":"https:\/\/api.w.org\/{rel}","templated":true}]}}