{"id":1340,"date":"2024-04-05T19:00:45","date_gmt":"2024-04-05T17:00:45","guid":{"rendered":"https:\/\/ocupharm.com\/regulatoria\/"},"modified":"2024-04-25T22:48:02","modified_gmt":"2024-04-25T20:48:02","slug":"regulatory","status":"publish","type":"page","link":"https:\/\/ocupharm.com\/en\/regulatory\/","title":{"rendered":"Regulatory"},"content":{"rendered":"\t\t<div data-elementor-type=\"wp-page\" data-elementor-id=\"1340\" class=\"elementor elementor-1340 elementor-570\" data-elementor-post-type=\"page\">\n\t\t\t\t\t\t<section class=\"elementor-section elementor-top-section elementor-element elementor-element-5ff5a76f elementor-section-boxed elementor-section-height-default elementor-section-height-default\" data-id=\"5ff5a76f\" data-element_type=\"section\" data-settings=\"{&quot;background_background&quot;:&quot;classic&quot;}\">\n\t\t\t\t\t\t\t<div class=\"elementor-background-overlay\"><\/div>\n\t\t\t\t\t\t\t<div class=\"elementor-container elementor-column-gap-default\">\n\t\t\t\t\t<div class=\"elementor-column elementor-col-100 elementor-top-column elementor-element elementor-element-3b7267e1\" data-id=\"3b7267e1\" data-element_type=\"column\">\n\t\t\t<div class=\"elementor-widget-wrap elementor-element-populated\">\n\t\t\t\t\t\t<section class=\"elementor-section elementor-inner-section elementor-element elementor-element-77adfb3d elementor-section-boxed elementor-section-height-default elementor-section-height-default\" data-id=\"77adfb3d\" data-element_type=\"section\">\n\t\t\t\t\t\t<div class=\"elementor-container elementor-column-gap-default\">\n\t\t\t\t\t<div class=\"elementor-column elementor-col-100 elementor-inner-column elementor-element elementor-element-490da319\" data-id=\"490da319\" data-element_type=\"column\">\n\t\t\t<div class=\"elementor-widget-wrap elementor-element-populated\">\n\t\t\t\t\t\t<div class=\"elementor-element elementor-element-d696dc9 elementor-widget elementor-widget-heading\" data-id=\"d696dc9\" data-element_type=\"widget\" data-widget_type=\"heading.default\">\n\t\t\t\t<div class=\"elementor-widget-container\">\n\t\t\t\t\t<h2 class=\"elementor-heading-title elementor-size-default\">Ocupharm diagnostic S.L<\/h2>\t\t\t\t<\/div>\n\t\t\t\t<\/div>\n\t\t\t\t<div class=\"elementor-element elementor-element-838df39 elementor-widget elementor-widget-heading\" data-id=\"838df39\" data-element_type=\"widget\" data-widget_type=\"heading.default\">\n\t\t\t\t<div class=\"elementor-widget-container\">\n\t\t\t\t\t<h2 class=\"elementor-heading-title elementor-size-default\">CE Marking for Medical Devices<\/h2>\t\t\t\t<\/div>\n\t\t\t\t<\/div>\n\t\t\t\t\t<\/div>\n\t\t<\/div>\n\t\t\t\t\t<\/div>\n\t\t<\/section>\n\t\t\t\t\t<\/div>\n\t\t<\/div>\n\t\t\t\t\t<\/div>\n\t\t<\/section>\n\t\t\t\t<section class=\"elementor-section elementor-top-section elementor-element elementor-element-4f554330 elementor-section-boxed elementor-section-height-default elementor-section-height-default\" data-id=\"4f554330\" data-element_type=\"section\" data-settings=\"{&quot;background_background&quot;:&quot;classic&quot;}\">\n\t\t\t\t\t\t<div class=\"elementor-container elementor-column-gap-default\">\n\t\t\t\t\t<div class=\"elementor-column elementor-col-50 elementor-top-column elementor-element elementor-element-4bafd08b\" data-id=\"4bafd08b\" data-element_type=\"column\">\n\t\t\t<div class=\"elementor-widget-wrap elementor-element-populated\">\n\t\t\t\t\t\t<div class=\"elementor-element elementor-element-43e4a4c0 elementor-widget-tablet__width-initial elementor-widget elementor-widget-image\" data-id=\"43e4a4c0\" data-element_type=\"widget\" data-widget_type=\"image.default\">\n\t\t\t\t<div class=\"elementor-widget-container\">\n\t\t\t\t\t\t\t\t\t\t\t\t\t\t\t<img fetchpriority=\"high\" decoding=\"async\" width=\"1440\" height=\"2560\" src=\"https:\/\/ocupharm.com\/wp-content\/uploads\/2024\/04\/ChicaMicroscopio-scaled.jpg\" class=\"attachment-full size-full wp-image-1188\" alt=\"\" srcset=\"https:\/\/ocupharm.com\/wp-content\/uploads\/2024\/04\/ChicaMicroscopio-scaled.jpg 1440w, https:\/\/ocupharm.com\/wp-content\/uploads\/2024\/04\/ChicaMicroscopio-169x300.jpg 169w, https:\/\/ocupharm.com\/wp-content\/uploads\/2024\/04\/ChicaMicroscopio-576x1024.jpg 576w, https:\/\/ocupharm.com\/wp-content\/uploads\/2024\/04\/ChicaMicroscopio-768x1365.jpg 768w, https:\/\/ocupharm.com\/wp-content\/uploads\/2024\/04\/ChicaMicroscopio-864x1536.jpg 864w, https:\/\/ocupharm.com\/wp-content\/uploads\/2024\/04\/ChicaMicroscopio-1152x2048.jpg 1152w\" sizes=\"(max-width: 1440px) 100vw, 1440px\" \/>\t\t\t\t\t\t\t\t\t\t\t\t\t\t\t<\/div>\n\t\t\t\t<\/div>\n\t\t\t\t\t<\/div>\n\t\t<\/div>\n\t\t\t\t<div class=\"elementor-column elementor-col-50 elementor-top-column elementor-element elementor-element-7914ba92\" data-id=\"7914ba92\" data-element_type=\"column\">\n\t\t\t<div class=\"elementor-widget-wrap elementor-element-populated\">\n\t\t\t\t\t\t<div class=\"elementor-element elementor-element-51cc07de elementor-widget elementor-widget-heading\" data-id=\"51cc07de\" data-element_type=\"widget\" data-widget_type=\"heading.default\">\n\t\t\t\t<div class=\"elementor-widget-container\">\n\t\t\t\t\t<h2 class=\"elementor-heading-title elementor-size-default\">Regulatory Compliance<\/h2>\t\t\t\t<\/div>\n\t\t\t\t<\/div>\n\t\t\t\t<div class=\"elementor-element elementor-element-5537313c elementor-widget elementor-widget-text-editor\" data-id=\"5537313c\" data-element_type=\"widget\" data-widget_type=\"text-editor.default\">\n\t\t\t\t<div class=\"elementor-widget-container\">\n\t\t\t\t\t\t\t\t\t<p class=\"p1\"><strong>CE marking<\/strong> is the process through which a product&#8217;s compliance with applicable requirements is documented and verified. The term &#8220;regulatory compliance&#8221; encompasses the ability to meet all requirements applicable to any medical device, regardless of its origin, whether legislative, regulatory, technical, client-specific, or any other foreseeable requirement. It is the company&#8217;s responsibility to identify which requirements apply to its product, as well as to itself as an economic operator in the medical device sector. For manufacturers of medical devices, it is imperative to put medical devices with CE marking on the market. The rest of the economic operators (distributors, importers, or authorised representatives) are responsible for ensuring that the product they deal with has CE marking. The requirements applicable to a medical device depend largely on the properties and characteristics of the product itself. Factors such as its classification as a medical device, intended use, risk analysis, and clinical evaluation will primarily determine the requirements applicable to the specific product.<\/p>\t\t\t\t\t\t\t\t<\/div>\n\t\t\t\t<\/div>\n\t\t\t\t<div class=\"elementor-element elementor-element-4be6c1ce elementor-widget elementor-widget-heading\" data-id=\"4be6c1ce\" data-element_type=\"widget\" data-widget_type=\"heading.default\">\n\t\t\t\t<div class=\"elementor-widget-container\">\n\t\t\t\t\t<h2 class=\"elementor-heading-title elementor-size-default\">Regulatory Framework for Medical Devices<\/h2>\t\t\t\t<\/div>\n\t\t\t\t<\/div>\n\t\t\t\t<div class=\"elementor-element elementor-element-a00240d elementor-widget elementor-widget-text-editor\" data-id=\"a00240d\" data-element_type=\"widget\" data-widget_type=\"text-editor.default\">\n\t\t\t\t<div class=\"elementor-widget-container\">\n\t\t\t\t\t\t\t\t\t<p class=\"p1\">Understanding the scope of the regulatory framework for medical devices means recognising what it means for our country to be part of a union of nations. Within that union, certain measures are established to standardise the handling of issues of particular significance. As a result, rules are issued that affect and apply to all member states equally<\/p>\t\t\t\t\t\t\t\t<\/div>\n\t\t\t\t<\/div>\n\t\t\t\t<div class=\"elementor-element elementor-element-1149ff7 elementor-widget elementor-widget-heading\" data-id=\"1149ff7\" data-element_type=\"widget\" data-widget_type=\"heading.default\">\n\t\t\t\t<div class=\"elementor-widget-container\">\n\t\t\t\t\t<h2 class=\"elementor-heading-title elementor-size-default\">European Regulatory Framework<\/h2>\t\t\t\t<\/div>\n\t\t\t\t<\/div>\n\t\t\t\t<div class=\"elementor-element elementor-element-36b2ff9 elementor-widget elementor-widget-text-editor\" data-id=\"36b2ff9\" data-element_type=\"widget\" data-widget_type=\"text-editor.default\">\n\t\t\t\t<div class=\"elementor-widget-container\">\n\t\t\t\t\t\t\t\t\t<p>First and foremost, it&#8217;s essential to refer to EU legislation, <strong>focusing on the latest European regulations governing medical devices.<\/strong> Specifically, we&#8217;re talking about the regulation that came into force on 25 May 2017, the Regulation (EU) 2017\/745 on medical devices, with an application date set for 25 May 2021.<\/p><p>The repeal and replacement of the old legislation (Directive 93\/42\/EEC) established a new regulatory framework that introduced several novel conditions. Among these was the requirement to implement a UDI (Unique Device Identification) code, which must be registered in a centralised database in the European Union: <strong>EUDAMED.<\/strong><\/p><p>This new regulation marked the beginning of a <strong>new era for manufacturers,<\/strong> leading them to dedicate time and resources to adapting their processes.<\/p>\t\t\t\t\t\t\t\t<\/div>\n\t\t\t\t<\/div>\n\t\t\t\t<div class=\"elementor-element elementor-element-9089169 elementor-widget elementor-widget-heading\" data-id=\"9089169\" data-element_type=\"widget\" data-widget_type=\"heading.default\">\n\t\t\t\t<div class=\"elementor-widget-container\">\n\t\t\t\t\t<h2 class=\"elementor-heading-title elementor-size-default\">National Regulatory Framework<\/h2>\t\t\t\t<\/div>\n\t\t\t\t<\/div>\n\t\t\t\t<div class=\"elementor-element elementor-element-2ad0037 elementor-widget elementor-widget-text-editor\" data-id=\"2ad0037\" data-element_type=\"widget\" data-widget_type=\"text-editor.default\">\n\t\t\t\t<div class=\"elementor-widget-container\">\n\t\t\t\t\t\t\t\t\t<p>To understand the regulatory framework for medical devices in our country, it is crucial to focus on the Spanish Medicines Agency (Agencia Espa\u00f1ola de Medicamentos y Productos Sanitarios, AEMPS). This agency, under the central government&#8217;s jurisdiction, reviews, regulates, controls, or authorizes medicines, clinical trials, medical devices, etc., on an annual basis.<\/p><p>Moreover, the AEMPS specifies the legislation where specific parameters can be found. Following the AEMPS, among other legal texts, we highlight:<\/p>\t\t\t\t\t\t\t\t<\/div>\n\t\t\t\t<\/div>\n\t\t\t\t<div class=\"elementor-element elementor-element-4dd81ae elementor-align-left elementor-icon-list--layout-traditional elementor-list-item-link-full_width elementor-widget elementor-widget-icon-list\" data-id=\"4dd81ae\" data-element_type=\"widget\" data-widget_type=\"icon-list.default\">\n\t\t\t\t<div class=\"elementor-widget-container\">\n\t\t\t\t\t\t\t<ul class=\"elementor-icon-list-items\">\n\t\t\t\t\t\t\t<li class=\"elementor-icon-list-item\">\n\t\t\t\t\t\t\t\t\t\t\t<span class=\"elementor-icon-list-icon\">\n\t\t\t\t\t\t\t<svg aria-hidden=\"true\" class=\"e-font-icon-svg e-fas-dot-circle\" viewBox=\"0 0 512 512\" xmlns=\"http:\/\/www.w3.org\/2000\/svg\"><path d=\"M256 8C119.033 8 8 119.033 8 256s111.033 248 248 248 248-111.033 248-248S392.967 8 256 8zm80 248c0 44.112-35.888 80-80 80s-80-35.888-80-80 35.888-80 80-80 80 35.888 80 80z\"><\/path><\/svg>\t\t\t\t\t\t<\/span>\n\t\t\t\t\t\t\t\t\t\t<span class=\"elementor-icon-list-text\">Royal Decree 1591\/2009, which regulates medical devices.<\/span>\n\t\t\t\t\t\t\t\t\t<\/li>\n\t\t\t\t\t\t\t\t<li class=\"elementor-icon-list-item\">\n\t\t\t\t\t\t\t\t\t\t\t<span class=\"elementor-icon-list-icon\">\n\t\t\t\t\t\t\t<svg aria-hidden=\"true\" class=\"e-font-icon-svg e-fas-dot-circle\" viewBox=\"0 0 512 512\" xmlns=\"http:\/\/www.w3.org\/2000\/svg\"><path d=\"M256 8C119.033 8 8 119.033 8 256s111.033 248 248 248 248-111.033 248-248S392.967 8 256 8zm80 248c0 44.112-35.888 80-80 80s-80-35.888-80-80 35.888-80 80-80 80 35.888 80 80z\"><\/path><\/svg>\t\t\t\t\t\t<\/span>\n\t\t\t\t\t\t\t\t\t\t<span class=\"elementor-icon-list-text\">Royal Decree 1090\/2015, which regulates clinical trials, the Research Ethics Committees for medicinal products, and the Spanish Register of Clinical Studies.<\/span>\n\t\t\t\t\t\t\t\t\t<\/li>\n\t\t\t\t\t\t<\/ul>\n\t\t\t\t\t\t<\/div>\n\t\t\t\t<\/div>\n\t\t\t\t<div class=\"elementor-element elementor-element-5baadb5 elementor-widget-elementskit-dual-button-center elementor-widget elementor-widget-elementskit-dual-button\" data-id=\"5baadb5\" data-element_type=\"widget\" data-widget_type=\"elementskit-dual-button.default\">\n\t\t\t\t<div class=\"elementor-widget-container\">\n\t\t\t\t\t<div class=\"ekit-wid-con\" >\n                <div class=\"ekit-element-align-wrapper\">\n                    <div class=\"ekit_double_button\">                <a class=\"ekit-double-btn ekit-double-btn-one\" href=\"https:\/\/ocupharm.com\/en\/experimentation\/\">\n                    Experimentation                <\/a>\n            <span class='ekit_button_middle_text'>&lt; &gt;<\/span>\n            <a class=\"ekit-double-btn ekit-double-btn-two\" href=\"https:\/\/ocupharm.com\/en\/technical-files\/\">\n                    Technical Files                <\/a>\n                  <\/div>\n                <\/div>\n            <\/div>\t\t\t\t<\/div>\n\t\t\t\t<\/div>\n\t\t\t\t\t<\/div>\n\t\t<\/div>\n\t\t\t\t\t<\/div>\n\t\t<\/section>\n\t\t\t\t<\/div>\n\t\t","protected":false},"excerpt":{"rendered":"<p>Ocupharm diagnostic S.L CE Marking for Medical Devices Regulatory Compliance CE marking is the process through which a product&#8217;s compliance with applicable requirements is documented and verified. The term &#8220;regulatory compliance&#8221; encompasses the ability to meet all requirements applicable to any medical device, regardless of its origin, whether legislative, regulatory, technical, client-specific, or any other [&hellip;]<\/p>\n","protected":false},"author":2,"featured_media":0,"parent":0,"menu_order":0,"comment_status":"closed","ping_status":"closed","template":"elementor_header_footer","meta":{"_joinchat":[],"footnotes":""},"class_list":["post-1340","page","type-page","status-publish","hentry"],"yoast_head":"<!-- This site is optimized with the Yoast SEO plugin v25.6 - https:\/\/yoast.com\/wordpress\/plugins\/seo\/ -->\n<title>Regulatory - ocupharm<\/title>\n<meta name=\"robots\" content=\"index, follow, max-snippet:-1, max-image-preview:large, max-video-preview:-1\" \/>\n<link rel=\"canonical\" href=\"https:\/\/ocupharm.com\/regulatoria\/\" \/>\n<meta property=\"og:locale\" content=\"en_US\" \/>\n<meta property=\"og:type\" content=\"article\" \/>\n<meta property=\"og:title\" content=\"Regulatory - ocupharm\" \/>\n<meta property=\"og:description\" content=\"Ocupharm diagnostic S.L CE Marking for Medical Devices Regulatory Compliance CE marking is the process through which a product&#8217;s compliance with applicable requirements is documented and verified. The term &#8220;regulatory compliance&#8221; encompasses the ability to meet all requirements applicable to any medical device, regardless of its origin, whether legislative, regulatory, technical, client-specific, or any other [&hellip;]\" \/>\n<meta property=\"og:url\" content=\"https:\/\/ocupharm.com\/regulatoria\/\" \/>\n<meta property=\"og:site_name\" content=\"ocupharm\" \/>\n<meta property=\"article:modified_time\" content=\"2024-04-25T20:48:02+00:00\" \/>\n<meta property=\"og:image\" content=\"https:\/\/ocupharm.com\/wp-content\/uploads\/2024\/04\/ChicaMicroscopio-scaled.jpg\" \/>\n\t<meta property=\"og:image:width\" content=\"1440\" \/>\n\t<meta property=\"og:image:height\" content=\"2560\" \/>\n\t<meta property=\"og:image:type\" content=\"image\/jpeg\" \/>\n<meta name=\"twitter:card\" content=\"summary_large_image\" \/>\n<meta name=\"twitter:label1\" content=\"Est. reading time\" \/>\n\t<meta name=\"twitter:data1\" content=\"2 minutes\" \/>\n<script type=\"application\/ld+json\" class=\"yoast-schema-graph\">{\"@context\":\"https:\/\/schema.org\",\"@graph\":[{\"@type\":\"WebPage\",\"@id\":\"https:\/\/ocupharm.com\/regulatoria\/\",\"url\":\"https:\/\/ocupharm.com\/regulatoria\/\",\"name\":\"Regulatory - ocupharm\",\"isPartOf\":{\"@id\":\"https:\/\/ocupharm.com\/#website\"},\"primaryImageOfPage\":{\"@id\":\"https:\/\/ocupharm.com\/regulatoria\/#primaryimage\"},\"image\":{\"@id\":\"https:\/\/ocupharm.com\/regulatoria\/#primaryimage\"},\"thumbnailUrl\":\"https:\/\/ocupharm.com\/wp-content\/uploads\/2024\/04\/ChicaMicroscopio-scaled.jpg\",\"datePublished\":\"2024-04-05T17:00:45+00:00\",\"dateModified\":\"2024-04-25T20:48:02+00:00\",\"breadcrumb\":{\"@id\":\"https:\/\/ocupharm.com\/regulatoria\/#breadcrumb\"},\"inLanguage\":\"en-US\",\"potentialAction\":[{\"@type\":\"ReadAction\",\"target\":[\"https:\/\/ocupharm.com\/regulatoria\/\"]}]},{\"@type\":\"ImageObject\",\"inLanguage\":\"en-US\",\"@id\":\"https:\/\/ocupharm.com\/regulatoria\/#primaryimage\",\"url\":\"https:\/\/ocupharm.com\/wp-content\/uploads\/2024\/04\/ChicaMicroscopio-scaled.jpg\",\"contentUrl\":\"https:\/\/ocupharm.com\/wp-content\/uploads\/2024\/04\/ChicaMicroscopio-scaled.jpg\"},{\"@type\":\"BreadcrumbList\",\"@id\":\"https:\/\/ocupharm.com\/regulatoria\/#breadcrumb\",\"itemListElement\":[{\"@type\":\"ListItem\",\"position\":1,\"name\":\"Portada\",\"item\":\"https:\/\/ocupharm.com\/en\/\"},{\"@type\":\"ListItem\",\"position\":2,\"name\":\"Regulatory\"}]},{\"@type\":\"WebSite\",\"@id\":\"https:\/\/ocupharm.com\/#website\",\"url\":\"https:\/\/ocupharm.com\/\",\"name\":\"ocupharm\",\"description\":\"Asistencia y ayuda a la investigaci\u00f3n, desarrollo y regulaci\u00f3n de productos oftalmol\u00f3gicos.\",\"publisher\":{\"@id\":\"https:\/\/ocupharm.com\/#organization\"},\"potentialAction\":[{\"@type\":\"SearchAction\",\"target\":{\"@type\":\"EntryPoint\",\"urlTemplate\":\"https:\/\/ocupharm.com\/?s={search_term_string}\"},\"query-input\":{\"@type\":\"PropertyValueSpecification\",\"valueRequired\":true,\"valueName\":\"search_term_string\"}}],\"inLanguage\":\"en-US\"},{\"@type\":\"Organization\",\"@id\":\"https:\/\/ocupharm.com\/#organization\",\"name\":\"ocupharm\",\"url\":\"https:\/\/ocupharm.com\/\",\"logo\":{\"@type\":\"ImageObject\",\"inLanguage\":\"en-US\",\"@id\":\"https:\/\/ocupharm.com\/#\/schema\/logo\/image\/\",\"url\":\"https:\/\/ocupharm.com\/wp-content\/uploads\/2024\/04\/ocupahrmlogo.png\",\"contentUrl\":\"https:\/\/ocupharm.com\/wp-content\/uploads\/2024\/04\/ocupahrmlogo.png\",\"width\":196,\"height\":40,\"caption\":\"ocupharm\"},\"image\":{\"@id\":\"https:\/\/ocupharm.com\/#\/schema\/logo\/image\/\"}}]}<\/script>\n<!-- \/ Yoast SEO plugin. -->","yoast_head_json":{"title":"Regulatory - ocupharm","robots":{"index":"index","follow":"follow","max-snippet":"max-snippet:-1","max-image-preview":"max-image-preview:large","max-video-preview":"max-video-preview:-1"},"canonical":"https:\/\/ocupharm.com\/regulatoria\/","og_locale":"en_US","og_type":"article","og_title":"Regulatory - ocupharm","og_description":"Ocupharm diagnostic S.L CE Marking for Medical Devices Regulatory Compliance CE marking is the process through which a product&#8217;s compliance with applicable requirements is documented and verified. The term &#8220;regulatory compliance&#8221; encompasses the ability to meet all requirements applicable to any medical device, regardless of its origin, whether legislative, regulatory, technical, client-specific, or any other [&hellip;]","og_url":"https:\/\/ocupharm.com\/regulatoria\/","og_site_name":"ocupharm","article_modified_time":"2024-04-25T20:48:02+00:00","og_image":[{"width":1440,"height":2560,"url":"https:\/\/ocupharm.com\/wp-content\/uploads\/2024\/04\/ChicaMicroscopio-scaled.jpg","type":"image\/jpeg"}],"twitter_card":"summary_large_image","twitter_misc":{"Est. reading time":"2 minutes"},"schema":{"@context":"https:\/\/schema.org","@graph":[{"@type":"WebPage","@id":"https:\/\/ocupharm.com\/regulatoria\/","url":"https:\/\/ocupharm.com\/regulatoria\/","name":"Regulatory - ocupharm","isPartOf":{"@id":"https:\/\/ocupharm.com\/#website"},"primaryImageOfPage":{"@id":"https:\/\/ocupharm.com\/regulatoria\/#primaryimage"},"image":{"@id":"https:\/\/ocupharm.com\/regulatoria\/#primaryimage"},"thumbnailUrl":"https:\/\/ocupharm.com\/wp-content\/uploads\/2024\/04\/ChicaMicroscopio-scaled.jpg","datePublished":"2024-04-05T17:00:45+00:00","dateModified":"2024-04-25T20:48:02+00:00","breadcrumb":{"@id":"https:\/\/ocupharm.com\/regulatoria\/#breadcrumb"},"inLanguage":"en-US","potentialAction":[{"@type":"ReadAction","target":["https:\/\/ocupharm.com\/regulatoria\/"]}]},{"@type":"ImageObject","inLanguage":"en-US","@id":"https:\/\/ocupharm.com\/regulatoria\/#primaryimage","url":"https:\/\/ocupharm.com\/wp-content\/uploads\/2024\/04\/ChicaMicroscopio-scaled.jpg","contentUrl":"https:\/\/ocupharm.com\/wp-content\/uploads\/2024\/04\/ChicaMicroscopio-scaled.jpg"},{"@type":"BreadcrumbList","@id":"https:\/\/ocupharm.com\/regulatoria\/#breadcrumb","itemListElement":[{"@type":"ListItem","position":1,"name":"Portada","item":"https:\/\/ocupharm.com\/en\/"},{"@type":"ListItem","position":2,"name":"Regulatory"}]},{"@type":"WebSite","@id":"https:\/\/ocupharm.com\/#website","url":"https:\/\/ocupharm.com\/","name":"ocupharm","description":"Asistencia y ayuda a la investigaci\u00f3n, desarrollo y regulaci\u00f3n de productos oftalmol\u00f3gicos.","publisher":{"@id":"https:\/\/ocupharm.com\/#organization"},"potentialAction":[{"@type":"SearchAction","target":{"@type":"EntryPoint","urlTemplate":"https:\/\/ocupharm.com\/?s={search_term_string}"},"query-input":{"@type":"PropertyValueSpecification","valueRequired":true,"valueName":"search_term_string"}}],"inLanguage":"en-US"},{"@type":"Organization","@id":"https:\/\/ocupharm.com\/#organization","name":"ocupharm","url":"https:\/\/ocupharm.com\/","logo":{"@type":"ImageObject","inLanguage":"en-US","@id":"https:\/\/ocupharm.com\/#\/schema\/logo\/image\/","url":"https:\/\/ocupharm.com\/wp-content\/uploads\/2024\/04\/ocupahrmlogo.png","contentUrl":"https:\/\/ocupharm.com\/wp-content\/uploads\/2024\/04\/ocupahrmlogo.png","width":196,"height":40,"caption":"ocupharm"},"image":{"@id":"https:\/\/ocupharm.com\/#\/schema\/logo\/image\/"}}]}},"_links":{"self":[{"href":"https:\/\/ocupharm.com\/en\/wp-json\/wp\/v2\/pages\/1340","targetHints":{"allow":["GET"]}}],"collection":[{"href":"https:\/\/ocupharm.com\/en\/wp-json\/wp\/v2\/pages"}],"about":[{"href":"https:\/\/ocupharm.com\/en\/wp-json\/wp\/v2\/types\/page"}],"author":[{"embeddable":true,"href":"https:\/\/ocupharm.com\/en\/wp-json\/wp\/v2\/users\/2"}],"replies":[{"embeddable":true,"href":"https:\/\/ocupharm.com\/en\/wp-json\/wp\/v2\/comments?post=1340"}],"version-history":[{"count":5,"href":"https:\/\/ocupharm.com\/en\/wp-json\/wp\/v2\/pages\/1340\/revisions"}],"predecessor-version":[{"id":1347,"href":"https:\/\/ocupharm.com\/en\/wp-json\/wp\/v2\/pages\/1340\/revisions\/1347"}],"wp:attachment":[{"href":"https:\/\/ocupharm.com\/en\/wp-json\/wp\/v2\/media?parent=1340"}],"curies":[{"name":"wp","href":"https:\/\/api.w.org\/{rel}","templated":true}]}}