{"id":1318,"date":"2024-04-16T20:33:06","date_gmt":"2024-04-16T18:33:06","guid":{"rendered":"https:\/\/ocupharm.com\/grupo-de-investigacion\/"},"modified":"2024-04-25T17:51:26","modified_gmt":"2024-04-25T15:51:26","slug":"research-group","status":"publish","type":"page","link":"https:\/\/ocupharm.com\/en\/research-group\/","title":{"rendered":"Research Group"},"content":{"rendered":"\t\t<div data-elementor-type=\"wp-page\" data-elementor-id=\"1318\" class=\"elementor elementor-1318 elementor-970\" data-elementor-post-type=\"page\">\n\t\t\t\t\t\t<section class=\"elementor-section elementor-top-section elementor-element elementor-element-16fa03ab elementor-section-boxed elementor-section-height-default elementor-section-height-default\" data-id=\"16fa03ab\" data-element_type=\"section\" data-e-type=\"section\" data-settings=\"{&quot;background_background&quot;:&quot;classic&quot;}\">\n\t\t\t\t\t\t\t<div class=\"elementor-background-overlay\"><\/div>\n\t\t\t\t\t\t\t<div class=\"elementor-container elementor-column-gap-default\">\n\t\t\t\t\t<div class=\"elementor-column elementor-col-100 elementor-top-column elementor-element elementor-element-2f255afd\" data-id=\"2f255afd\" data-element_type=\"column\" data-e-type=\"column\">\n\t\t\t<div class=\"elementor-widget-wrap elementor-element-populated\">\n\t\t\t\t\t\t<div class=\"elementor-element elementor-element-249f96a0 elementor-widget elementor-widget-heading\" data-id=\"249f96a0\" data-element_type=\"widget\" data-e-type=\"widget\" data-widget_type=\"heading.default\">\n\t\t\t\t<div class=\"elementor-widget-container\">\n\t\t\t\t\t<h2 class=\"elementor-heading-title elementor-size-default\">Ocupharm Research Group<\/h2>\t\t\t\t<\/div>\n\t\t\t\t<\/div>\n\t\t\t\t\t<\/div>\n\t\t<\/div>\n\t\t\t\t\t<\/div>\n\t\t<\/section>\n\t\t\t\t<section class=\"elementor-section elementor-top-section elementor-element elementor-element-1855fb50 elementor-section-boxed elementor-section-height-default elementor-section-height-default\" data-id=\"1855fb50\" data-element_type=\"section\" data-e-type=\"section\">\n\t\t\t\t\t\t<div class=\"elementor-container elementor-column-gap-default\">\n\t\t\t\t\t<div class=\"elementor-column elementor-col-66 elementor-top-column elementor-element elementor-element-231226ce\" data-id=\"231226ce\" data-element_type=\"column\" data-e-type=\"column\">\n\t\t\t<div class=\"elementor-widget-wrap elementor-element-populated\">\n\t\t\t\t\t\t<div class=\"elementor-element elementor-element-a250d63 elementor-widget elementor-widget-image\" data-id=\"a250d63\" data-element_type=\"widget\" data-e-type=\"widget\" data-widget_type=\"image.default\">\n\t\t\t\t<div class=\"elementor-widget-container\">\n\t\t\t\t\t\t\t\t\t\t\t\t\t\t\t<img fetchpriority=\"high\" decoding=\"async\" width=\"800\" height=\"373\" src=\"https:\/\/ocupharm.com\/wp-content\/uploads\/2024\/04\/Grupo-Investigacion-Todos1-1200x559-2-1024x477.jpg\" class=\"attachment-large size-large wp-image-1214\" alt=\"\" srcset=\"https:\/\/ocupharm.com\/wp-content\/uploads\/2024\/04\/Grupo-Investigacion-Todos1-1200x559-2-1024x477.jpg 1024w, https:\/\/ocupharm.com\/wp-content\/uploads\/2024\/04\/Grupo-Investigacion-Todos1-1200x559-2-300x140.jpg 300w, https:\/\/ocupharm.com\/wp-content\/uploads\/2024\/04\/Grupo-Investigacion-Todos1-1200x559-2-768x358.jpg 768w, https:\/\/ocupharm.com\/wp-content\/uploads\/2024\/04\/Grupo-Investigacion-Todos1-1200x559-2.jpg 1200w\" sizes=\"(max-width: 800px) 100vw, 800px\" \/>\t\t\t\t\t\t\t\t\t\t\t\t\t\t\t<\/div>\n\t\t\t\t<\/div>\n\t\t\t\t<div class=\"elementor-element elementor-element-1339554e elementor-widget elementor-widget-elementskit-heading\" data-id=\"1339554e\" data-element_type=\"widget\" data-e-type=\"widget\" data-widget_type=\"elementskit-heading.default\">\n\t\t\t\t<div class=\"elementor-widget-container\">\n\t\t\t\t\t<div class=\"ekit-wid-con\" ><div class=\"ekit-heading elementskit-section-title-wraper text_left   ekit_heading_tablet-   ekit_heading_mobile-\"><h2 class=\"ekit-heading--title elementskit-section-title \">Research Group<\/h2><div class=\"ekit_heading_separetor_wraper ekit_heading_elementskit-border-divider\"><div class=\"elementskit-border-divider\"><\/div><\/div><\/div><\/div>\t\t\t\t<\/div>\n\t\t\t\t<\/div>\n\t\t\t\t<div class=\"elementor-element elementor-element-10c57ed3 elementor-widget elementor-widget-text-editor\" data-id=\"10c57ed3\" data-element_type=\"widget\" data-e-type=\"widget\" data-widget_type=\"text-editor.default\">\n\t\t\t\t<div class=\"elementor-widget-container\">\n\t\t\t\t\t\t\t\t\t<p>The research group &#8220;Pharmacological Biochemistry of the Eye (Ocupharm-92077)&#8221; is composed of professors, researchers, and doctoral students from various Departments and Teaching Units at the Faculty of Optics and Optometry at the Complutense University of Madrid.<\/p><p>Since 1997, when it was founded by Professor Jes\u00fas Pintor Just, it has operated in the field of pharmacological biochemistry of the eye, with its main areas of interest being:<\/p>\t\t\t\t\t\t\t\t<\/div>\n\t\t\t\t<\/div>\n\t\t\t\t<section class=\"elementor-section elementor-inner-section elementor-element elementor-element-c772da6 elementor-section-boxed elementor-section-height-default elementor-section-height-default\" data-id=\"c772da6\" data-element_type=\"section\" data-e-type=\"section\">\n\t\t\t\t\t\t<div class=\"elementor-container elementor-column-gap-default\">\n\t\t\t\t\t<div class=\"elementor-column elementor-col-50 elementor-inner-column elementor-element elementor-element-eed01cc\" data-id=\"eed01cc\" data-element_type=\"column\" data-e-type=\"column\" data-settings=\"{&quot;background_background&quot;:&quot;classic&quot;}\">\n\t\t\t<div class=\"elementor-widget-wrap elementor-element-populated\">\n\t\t\t\t\t\t<div class=\"elementor-element elementor-element-2baf0ce8 elementor-align-start elementor-widget__width-initial elementor-icon-list--layout-traditional elementor-list-item-link-full_width elementor-widget elementor-widget-icon-list\" data-id=\"2baf0ce8\" data-element_type=\"widget\" data-e-type=\"widget\" data-widget_type=\"icon-list.default\">\n\t\t\t\t<div class=\"elementor-widget-container\">\n\t\t\t\t\t\t\t<ul class=\"elementor-icon-list-items\">\n\t\t\t\t\t\t\t<li class=\"elementor-icon-list-item\">\n\t\t\t\t\t\t\t\t\t\t\t<span class=\"elementor-icon-list-icon\">\n\t\t\t\t\t\t\t<i aria-hidden=\"true\" class=\"icon icon-checkmark\"><\/i>\t\t\t\t\t\t<\/span>\n\t\t\t\t\t\t\t\t\t\t<span class=\"elementor-icon-list-text\">The study of purinergic signalling in the eye<\/span>\n\t\t\t\t\t\t\t\t\t<\/li>\n\t\t\t\t\t\t\t\t<li class=\"elementor-icon-list-item\">\n\t\t\t\t\t\t\t\t\t\t\t<span class=\"elementor-icon-list-icon\">\n\t\t\t\t\t\t\t<i aria-hidden=\"true\" class=\"icon icon-checkmark\"><\/i>\t\t\t\t\t\t<\/span>\n\t\t\t\t\t\t\t\t\t\t<span class=\"elementor-icon-list-text\">The study of the melatoninergic system in the eye<\/span>\n\t\t\t\t\t\t\t\t\t<\/li>\n\t\t\t\t\t\t\t\t<li class=\"elementor-icon-list-item\">\n\t\t\t\t\t\t\t\t\t\t\t<span class=\"elementor-icon-list-icon\">\n\t\t\t\t\t\t\t<i aria-hidden=\"true\" class=\"icon icon-checkmark\"><\/i>\t\t\t\t\t\t<\/span>\n\t\t\t\t\t\t\t\t\t\t<span class=\"elementor-icon-list-text\"> Research on the ocular surface: tear film, dry eye syndrome, conjunctival surface and corneal healing, infections<\/span>\n\t\t\t\t\t\t\t\t\t<\/li>\n\t\t\t\t\t\t<\/ul>\n\t\t\t\t\t\t<\/div>\n\t\t\t\t<\/div>\n\t\t\t\t\t<\/div>\n\t\t<\/div>\n\t\t\t\t<div class=\"elementor-column elementor-col-50 elementor-inner-column elementor-element elementor-element-33853ce6\" data-id=\"33853ce6\" data-element_type=\"column\" data-e-type=\"column\" data-settings=\"{&quot;background_background&quot;:&quot;classic&quot;}\">\n\t\t\t<div class=\"elementor-widget-wrap elementor-element-populated\">\n\t\t\t\t\t\t<div class=\"elementor-element elementor-element-7518437d elementor-align-start elementor-icon-list--layout-traditional elementor-list-item-link-full_width elementor-widget elementor-widget-icon-list\" data-id=\"7518437d\" data-element_type=\"widget\" data-e-type=\"widget\" data-widget_type=\"icon-list.default\">\n\t\t\t\t<div class=\"elementor-widget-container\">\n\t\t\t\t\t\t\t<ul class=\"elementor-icon-list-items\">\n\t\t\t\t\t\t\t<li class=\"elementor-icon-list-item\">\n\t\t\t\t\t\t\t\t\t\t\t<span class=\"elementor-icon-list-icon\">\n\t\t\t\t\t\t\t<i aria-hidden=\"true\" class=\"icon icon-checkmark\"><\/i>\t\t\t\t\t\t<\/span>\n\t\t\t\t\t\t\t\t\t\t<span class=\"elementor-icon-list-text\">Research on ocular hypertension and glaucoma<\/span>\n\t\t\t\t\t\t\t\t\t<\/li>\n\t\t\t\t\t\t\t\t<li class=\"elementor-icon-list-item\">\n\t\t\t\t\t\t\t\t\t\t\t<span class=\"elementor-icon-list-icon\">\n\t\t\t\t\t\t\t<i aria-hidden=\"true\" class=\"icon icon-checkmark\"><\/i>\t\t\t\t\t\t<\/span>\n\t\t\t\t\t\t\t\t\t\t<span class=\"elementor-icon-list-text\">Research in Advanced Contactology: drug release, irregular cornea<\/span>\n\t\t\t\t\t\t\t\t\t<\/li>\n\t\t\t\t\t\t\t\t<li class=\"elementor-icon-list-item\">\n\t\t\t\t\t\t\t\t\t\t\t<span class=\"elementor-icon-list-icon\">\n\t\t\t\t\t\t\t<i aria-hidden=\"true\" class=\"icon icon-checkmark\"><\/i>\t\t\t\t\t\t<\/span>\n\t\t\t\t\t\t\t\t\t\t<span class=\"elementor-icon-list-text\">Research in myopia control<\/span>\n\t\t\t\t\t\t\t\t\t<\/li>\n\t\t\t\t\t\t<\/ul>\n\t\t\t\t\t\t<\/div>\n\t\t\t\t<\/div>\n\t\t\t\t\t<\/div>\n\t\t<\/div>\n\t\t\t\t\t<\/div>\n\t\t<\/section>\n\t\t\t\t<div class=\"elementor-element elementor-element-2e7315a7 elementor-widget elementor-widget-spacer\" data-id=\"2e7315a7\" data-element_type=\"widget\" data-e-type=\"widget\" data-widget_type=\"spacer.default\">\n\t\t\t\t<div class=\"elementor-widget-container\">\n\t\t\t\t\t\t\t<div class=\"elementor-spacer\">\n\t\t\t<div class=\"elementor-spacer-inner\"><\/div>\n\t\t<\/div>\n\t\t\t\t\t\t<\/div>\n\t\t\t\t<\/div>\n\t\t\t\t<div class=\"elementor-element elementor-element-140cb54f elementor-widget elementor-widget-text-editor\" data-id=\"140cb54f\" data-element_type=\"widget\" data-e-type=\"widget\" data-widget_type=\"text-editor.default\">\n\t\t\t\t<div class=\"elementor-widget-container\">\n\t\t\t\t\t\t\t\t\t<p>Since its inception, and continuing to the present day, this activity has been supported by numerous national and international research projects, funded by both public bodies and private companies.<\/p><p>Moreover, the group is part of organisations, national networks, and associations such as OftaRed or Retibrain, which have enabled us to establish productive partnerships and collaborations with other national and European research centres. Thanks to all of this, the group also has significant training capabilities, which is why we always have a high number of master&#8217;s students and PhD candidates in our team.<\/p>\t\t\t\t\t\t\t\t<\/div>\n\t\t\t\t<\/div>\n\t\t\t\t<section class=\"elementor-section elementor-inner-section elementor-element elementor-element-1803e48d elementor-section-boxed elementor-section-height-default elementor-section-height-default\" data-id=\"1803e48d\" data-element_type=\"section\" data-e-type=\"section\">\n\t\t\t\t\t\t<div class=\"elementor-container elementor-column-gap-default\">\n\t\t\t\t\t<div class=\"elementor-column elementor-col-100 elementor-inner-column elementor-element elementor-element-1572466e elementor-invisible\" data-id=\"1572466e\" data-element_type=\"column\" data-e-type=\"column\" data-settings=\"{&quot;animation&quot;:&quot;fadeInLeft&quot;}\">\n\t\t\t<div class=\"elementor-widget-wrap elementor-element-populated\">\n\t\t\t\t\t\t<div class=\"elementor-element elementor-element-2844899 elementor-widget elementor-widget-image\" data-id=\"2844899\" data-element_type=\"widget\" data-e-type=\"widget\" data-widget_type=\"image.default\">\n\t\t\t\t<div class=\"elementor-widget-container\">\n\t\t\t\t\t\t\t\t\t\t\t\t\t\t\t<img decoding=\"async\" width=\"800\" height=\"800\" src=\"https:\/\/ocupharm.com\/wp-content\/uploads\/2024\/04\/Grupo-de-investigacion-1024x1024.jpeg\" class=\"attachment-large size-large wp-image-1215\" alt=\"\" srcset=\"https:\/\/ocupharm.com\/wp-content\/uploads\/2024\/04\/Grupo-de-investigacion-1024x1024.jpeg 1024w, https:\/\/ocupharm.com\/wp-content\/uploads\/2024\/04\/Grupo-de-investigacion-300x300.jpeg 300w, https:\/\/ocupharm.com\/wp-content\/uploads\/2024\/04\/Grupo-de-investigacion-150x150.jpeg 150w, https:\/\/ocupharm.com\/wp-content\/uploads\/2024\/04\/Grupo-de-investigacion-768x768.jpeg 768w, https:\/\/ocupharm.com\/wp-content\/uploads\/2024\/04\/Grupo-de-investigacion.jpeg 1256w\" sizes=\"(max-width: 800px) 100vw, 800px\" \/>\t\t\t\t\t\t\t\t\t\t\t\t\t\t\t<\/div>\n\t\t\t\t<\/div>\n\t\t\t\t\t<\/div>\n\t\t<\/div>\n\t\t\t\t\t<\/div>\n\t\t<\/section>\n\t\t\t\t\t<\/div>\n\t\t<\/div>\n\t\t\t\t<div class=\"elementor-column elementor-col-33 elementor-top-column elementor-element elementor-element-2144b0e2\" data-id=\"2144b0e2\" data-element_type=\"column\" data-e-type=\"column\">\n\t\t\t<div class=\"elementor-widget-wrap elementor-element-populated\">\n\t\t\t\t\t\t<div class=\"elementor-element elementor-element-2a7d5085 elementor-widget elementor-widget-spacer\" data-id=\"2a7d5085\" data-element_type=\"widget\" data-e-type=\"widget\" data-widget_type=\"spacer.default\">\n\t\t\t\t<div class=\"elementor-widget-container\">\n\t\t\t\t\t\t\t<div class=\"elementor-spacer\">\n\t\t\t<div class=\"elementor-spacer-inner\"><\/div>\n\t\t<\/div>\n\t\t\t\t\t\t<\/div>\n\t\t\t\t<\/div>\n\t\t\t\t<section class=\"elementor-section elementor-inner-section elementor-element elementor-element-7ce6fca elementor-section-boxed elementor-section-height-default elementor-section-height-default elementor-invisible\" data-id=\"7ce6fca\" data-element_type=\"section\" data-e-type=\"section\" data-settings=\"{&quot;animation&quot;:&quot;bounceInUp&quot;}\">\n\t\t\t\t\t\t<div class=\"elementor-container elementor-column-gap-default\">\n\t\t\t\t\t<div class=\"elementor-column elementor-col-100 elementor-inner-column elementor-element elementor-element-607f3444\" data-id=\"607f3444\" data-element_type=\"column\" data-e-type=\"column\">\n\t\t\t<div class=\"elementor-widget-wrap elementor-element-populated\">\n\t\t\t\t\t\t<div class=\"elementor-element elementor-element-37ee75b3 elementor-widget elementor-widget-heading\" data-id=\"37ee75b3\" data-element_type=\"widget\" data-e-type=\"widget\" data-widget_type=\"heading.default\">\n\t\t\t\t<div class=\"elementor-widget-container\">\n\t\t\t\t\t<h2 class=\"elementor-heading-title elementor-size-default\">Ocupharm Research Group<\/h2>\t\t\t\t<\/div>\n\t\t\t\t<\/div>\n\t\t\t\t<div class=\"elementor-element elementor-element-4ed4c3dd elementor-widget elementor-widget-text-editor\" data-id=\"4ed4c3dd\" data-element_type=\"widget\" data-e-type=\"widget\" data-widget_type=\"text-editor.default\">\n\t\t\t\t<div class=\"elementor-widget-container\">\n\t\t\t\t\t\t\t\t\t<p>It is a multidisciplinary research group at the Complutense University of Madrid (&#8220;Pharmacological Biochemistry of the Eye &#8211; Ocupharm-92077&#8221;).<\/p>\t\t\t\t\t\t\t\t<\/div>\n\t\t\t\t<\/div>\n\t\t\t\t\t<\/div>\n\t\t<\/div>\n\t\t\t\t\t<\/div>\n\t\t<\/section>\n\t\t\t\t<div class=\"elementor-element elementor-element-198439df elementor-align-left elementor-widget elementor-widget-button\" data-id=\"198439df\" data-element_type=\"widget\" data-e-type=\"widget\" data-widget_type=\"button.default\">\n\t\t\t\t<div class=\"elementor-widget-container\">\n\t\t\t\t\t\t\t\t\t<div class=\"elementor-button-wrapper\">\n\t\t\t\t\t<a class=\"elementor-button elementor-button-link elementor-size-sm\" href=\"https:\/\/www.grupo.ocupharm.com\/index.php\/es\/\">\n\t\t\t\t\t\t<span class=\"elementor-button-content-wrapper\">\n\t\t\t\t\t\t<span class=\"elementor-button-icon\">\n\t\t\t\t<svg aria-hidden=\"true\" class=\"e-font-icon-svg e-fas-angle-double-right\" viewBox=\"0 0 448 512\" xmlns=\"http:\/\/www.w3.org\/2000\/svg\"><path d=\"M224.3 273l-136 136c-9.4 9.4-24.6 9.4-33.9 0l-22.6-22.6c-9.4-9.4-9.4-24.6 0-33.9l96.4-96.4-96.4-96.4c-9.4-9.4-9.4-24.6 0-33.9L54.3 103c9.4-9.4 24.6-9.4 33.9 0l136 136c9.5 9.4 9.5 24.6.1 34zm192-34l-136-136c-9.4-9.4-24.6-9.4-33.9 0l-22.6 22.6c-9.4 9.4-9.4 24.6 0 33.9l96.4 96.4-96.4 96.4c-9.4 9.4-9.4 24.6 0 33.9l22.6 22.6c9.4 9.4 24.6 9.4 33.9 0l136-136c9.4-9.2 9.4-24.4 0-33.8z\"><\/path><\/svg>\t\t\t<\/span>\n\t\t\t\t\t\t\t\t\t<span class=\"elementor-button-text\">Ocupharm Research Group<\/span>\n\t\t\t\t\t<\/span>\n\t\t\t\t\t<\/a>\n\t\t\t\t<\/div>\n\t\t\t\t\t\t\t\t<\/div>\n\t\t\t\t<\/div>\n\t\t\t\t\t<\/div>\n\t\t<\/div>\n\t\t\t\t\t<\/div>\n\t\t<\/section>\n\t\t\t\t<\/div>\n\t\t","protected":false},"excerpt":{"rendered":"<p>Ocupharm Research Group Research Group The research group &#8220;Pharmacological Biochemistry of the Eye (Ocupharm-92077)&#8221; is composed of professors, researchers, and doctoral students from various Departments and Teaching Units at the Faculty of Optics and Optometry at the Complutense University of Madrid. Since 1997, when it was founded by Professor Jes\u00fas Pintor Just, it has operated [&hellip;]<\/p>\n","protected":false},"author":2,"featured_media":0,"parent":0,"menu_order":0,"comment_status":"closed","ping_status":"closed","template":"","meta":{"_joinchat":[],"footnotes":""},"class_list":["post-1318","page","type-page","status-publish","hentry"],"yoast_head":"<!-- This site is optimized with the Yoast SEO plugin v25.6 - https:\/\/yoast.com\/wordpress\/plugins\/seo\/ -->\n<title>Research Group - ocupharm<\/title>\n<meta name=\"robots\" content=\"index, follow, max-snippet:-1, max-image-preview:large, max-video-preview:-1\" \/>\n<link rel=\"canonical\" href=\"https:\/\/ocupharm.com\/grupo-de-investigacion\/\" \/>\n<meta property=\"og:locale\" content=\"en_US\" \/>\n<meta property=\"og:type\" content=\"article\" \/>\n<meta property=\"og:title\" content=\"Research Group - ocupharm\" \/>\n<meta property=\"og:description\" content=\"Ocupharm Research Group Research Group The research group &#8220;Pharmacological Biochemistry of the Eye (Ocupharm-92077)&#8221; is composed of professors, researchers, and doctoral students from various Departments and Teaching Units at the Faculty of Optics and Optometry at the Complutense University of Madrid. Since 1997, when it was founded by Professor Jes\u00fas Pintor Just, it has operated [&hellip;]\" \/>\n<meta property=\"og:url\" content=\"https:\/\/ocupharm.com\/grupo-de-investigacion\/\" \/>\n<meta property=\"og:site_name\" content=\"ocupharm\" \/>\n<meta property=\"article:modified_time\" content=\"2024-04-25T15:51:26+00:00\" \/>\n<meta property=\"og:image\" content=\"https:\/\/ocupharm.com\/wp-content\/uploads\/2024\/04\/Grupo-Investigacion-Todos1-1200x559-2.jpg\" \/>\n\t<meta property=\"og:image:width\" content=\"1200\" \/>\n\t<meta property=\"og:image:height\" content=\"559\" \/>\n\t<meta property=\"og:image:type\" content=\"image\/jpeg\" \/>\n<meta name=\"twitter:card\" content=\"summary_large_image\" \/>\n<meta name=\"twitter:label1\" content=\"Est. reading time\" \/>\n\t<meta name=\"twitter:data1\" content=\"1 minute\" \/>\n<script type=\"application\/ld+json\" class=\"yoast-schema-graph\">{\"@context\":\"https:\/\/schema.org\",\"@graph\":[{\"@type\":\"WebPage\",\"@id\":\"https:\/\/ocupharm.com\/grupo-de-investigacion\/\",\"url\":\"https:\/\/ocupharm.com\/grupo-de-investigacion\/\",\"name\":\"Research Group - ocupharm\",\"isPartOf\":{\"@id\":\"https:\/\/ocupharm.com\/#website\"},\"primaryImageOfPage\":{\"@id\":\"https:\/\/ocupharm.com\/grupo-de-investigacion\/#primaryimage\"},\"image\":{\"@id\":\"https:\/\/ocupharm.com\/grupo-de-investigacion\/#primaryimage\"},\"thumbnailUrl\":\"https:\/\/ocupharm.com\/wp-content\/uploads\/2024\/04\/Grupo-Investigacion-Todos1-1200x559-2-1024x477.jpg\",\"datePublished\":\"2024-04-16T18:33:06+00:00\",\"dateModified\":\"2024-04-25T15:51:26+00:00\",\"breadcrumb\":{\"@id\":\"https:\/\/ocupharm.com\/grupo-de-investigacion\/#breadcrumb\"},\"inLanguage\":\"en-US\",\"potentialAction\":[{\"@type\":\"ReadAction\",\"target\":[\"https:\/\/ocupharm.com\/grupo-de-investigacion\/\"]}]},{\"@type\":\"ImageObject\",\"inLanguage\":\"en-US\",\"@id\":\"https:\/\/ocupharm.com\/grupo-de-investigacion\/#primaryimage\",\"url\":\"https:\/\/ocupharm.com\/wp-content\/uploads\/2024\/04\/Grupo-Investigacion-Todos1-1200x559-2-1024x477.jpg\",\"contentUrl\":\"https:\/\/ocupharm.com\/wp-content\/uploads\/2024\/04\/Grupo-Investigacion-Todos1-1200x559-2-1024x477.jpg\"},{\"@type\":\"BreadcrumbList\",\"@id\":\"https:\/\/ocupharm.com\/grupo-de-investigacion\/#breadcrumb\",\"itemListElement\":[{\"@type\":\"ListItem\",\"position\":1,\"name\":\"Portada\",\"item\":\"https:\/\/ocupharm.com\/en\/\"},{\"@type\":\"ListItem\",\"position\":2,\"name\":\"Research Group\"}]},{\"@type\":\"WebSite\",\"@id\":\"https:\/\/ocupharm.com\/#website\",\"url\":\"https:\/\/ocupharm.com\/\",\"name\":\"ocupharm\",\"description\":\"Asistencia y ayuda a la investigaci\u00f3n, desarrollo y regulaci\u00f3n de productos oftalmol\u00f3gicos.\",\"publisher\":{\"@id\":\"https:\/\/ocupharm.com\/#organization\"},\"potentialAction\":[{\"@type\":\"SearchAction\",\"target\":{\"@type\":\"EntryPoint\",\"urlTemplate\":\"https:\/\/ocupharm.com\/?s={search_term_string}\"},\"query-input\":{\"@type\":\"PropertyValueSpecification\",\"valueRequired\":true,\"valueName\":\"search_term_string\"}}],\"inLanguage\":\"en-US\"},{\"@type\":\"Organization\",\"@id\":\"https:\/\/ocupharm.com\/#organization\",\"name\":\"ocupharm\",\"url\":\"https:\/\/ocupharm.com\/\",\"logo\":{\"@type\":\"ImageObject\",\"inLanguage\":\"en-US\",\"@id\":\"https:\/\/ocupharm.com\/#\/schema\/logo\/image\/\",\"url\":\"https:\/\/ocupharm.com\/wp-content\/uploads\/2024\/04\/ocupahrmlogo.png\",\"contentUrl\":\"https:\/\/ocupharm.com\/wp-content\/uploads\/2024\/04\/ocupahrmlogo.png\",\"width\":196,\"height\":40,\"caption\":\"ocupharm\"},\"image\":{\"@id\":\"https:\/\/ocupharm.com\/#\/schema\/logo\/image\/\"}}]}<\/script>\n<!-- \/ Yoast SEO plugin. -->","yoast_head_json":{"title":"Research Group - ocupharm","robots":{"index":"index","follow":"follow","max-snippet":"max-snippet:-1","max-image-preview":"max-image-preview:large","max-video-preview":"max-video-preview:-1"},"canonical":"https:\/\/ocupharm.com\/grupo-de-investigacion\/","og_locale":"en_US","og_type":"article","og_title":"Research Group - ocupharm","og_description":"Ocupharm Research Group Research Group The research group &#8220;Pharmacological Biochemistry of the Eye (Ocupharm-92077)&#8221; is composed of professors, researchers, and doctoral students from various Departments and Teaching Units at the Faculty of Optics and Optometry at the Complutense University of Madrid. Since 1997, when it was founded by Professor Jes\u00fas Pintor Just, it has operated [&hellip;]","og_url":"https:\/\/ocupharm.com\/grupo-de-investigacion\/","og_site_name":"ocupharm","article_modified_time":"2024-04-25T15:51:26+00:00","og_image":[{"width":1200,"height":559,"url":"https:\/\/ocupharm.com\/wp-content\/uploads\/2024\/04\/Grupo-Investigacion-Todos1-1200x559-2.jpg","type":"image\/jpeg"}],"twitter_card":"summary_large_image","twitter_misc":{"Est. reading time":"1 minute"},"schema":{"@context":"https:\/\/schema.org","@graph":[{"@type":"WebPage","@id":"https:\/\/ocupharm.com\/grupo-de-investigacion\/","url":"https:\/\/ocupharm.com\/grupo-de-investigacion\/","name":"Research Group - ocupharm","isPartOf":{"@id":"https:\/\/ocupharm.com\/#website"},"primaryImageOfPage":{"@id":"https:\/\/ocupharm.com\/grupo-de-investigacion\/#primaryimage"},"image":{"@id":"https:\/\/ocupharm.com\/grupo-de-investigacion\/#primaryimage"},"thumbnailUrl":"https:\/\/ocupharm.com\/wp-content\/uploads\/2024\/04\/Grupo-Investigacion-Todos1-1200x559-2-1024x477.jpg","datePublished":"2024-04-16T18:33:06+00:00","dateModified":"2024-04-25T15:51:26+00:00","breadcrumb":{"@id":"https:\/\/ocupharm.com\/grupo-de-investigacion\/#breadcrumb"},"inLanguage":"en-US","potentialAction":[{"@type":"ReadAction","target":["https:\/\/ocupharm.com\/grupo-de-investigacion\/"]}]},{"@type":"ImageObject","inLanguage":"en-US","@id":"https:\/\/ocupharm.com\/grupo-de-investigacion\/#primaryimage","url":"https:\/\/ocupharm.com\/wp-content\/uploads\/2024\/04\/Grupo-Investigacion-Todos1-1200x559-2-1024x477.jpg","contentUrl":"https:\/\/ocupharm.com\/wp-content\/uploads\/2024\/04\/Grupo-Investigacion-Todos1-1200x559-2-1024x477.jpg"},{"@type":"BreadcrumbList","@id":"https:\/\/ocupharm.com\/grupo-de-investigacion\/#breadcrumb","itemListElement":[{"@type":"ListItem","position":1,"name":"Portada","item":"https:\/\/ocupharm.com\/en\/"},{"@type":"ListItem","position":2,"name":"Research Group"}]},{"@type":"WebSite","@id":"https:\/\/ocupharm.com\/#website","url":"https:\/\/ocupharm.com\/","name":"ocupharm","description":"Asistencia y ayuda a la investigaci\u00f3n, desarrollo y regulaci\u00f3n de productos oftalmol\u00f3gicos.","publisher":{"@id":"https:\/\/ocupharm.com\/#organization"},"potentialAction":[{"@type":"SearchAction","target":{"@type":"EntryPoint","urlTemplate":"https:\/\/ocupharm.com\/?s={search_term_string}"},"query-input":{"@type":"PropertyValueSpecification","valueRequired":true,"valueName":"search_term_string"}}],"inLanguage":"en-US"},{"@type":"Organization","@id":"https:\/\/ocupharm.com\/#organization","name":"ocupharm","url":"https:\/\/ocupharm.com\/","logo":{"@type":"ImageObject","inLanguage":"en-US","@id":"https:\/\/ocupharm.com\/#\/schema\/logo\/image\/","url":"https:\/\/ocupharm.com\/wp-content\/uploads\/2024\/04\/ocupahrmlogo.png","contentUrl":"https:\/\/ocupharm.com\/wp-content\/uploads\/2024\/04\/ocupahrmlogo.png","width":196,"height":40,"caption":"ocupharm"},"image":{"@id":"https:\/\/ocupharm.com\/#\/schema\/logo\/image\/"}}]}},"_links":{"self":[{"href":"https:\/\/ocupharm.com\/en\/wp-json\/wp\/v2\/pages\/1318","targetHints":{"allow":["GET"]}}],"collection":[{"href":"https:\/\/ocupharm.com\/en\/wp-json\/wp\/v2\/pages"}],"about":[{"href":"https:\/\/ocupharm.com\/en\/wp-json\/wp\/v2\/types\/page"}],"author":[{"embeddable":true,"href":"https:\/\/ocupharm.com\/en\/wp-json\/wp\/v2\/users\/2"}],"replies":[{"embeddable":true,"href":"https:\/\/ocupharm.com\/en\/wp-json\/wp\/v2\/comments?post=1318"}],"version-history":[{"count":8,"href":"https:\/\/ocupharm.com\/en\/wp-json\/wp\/v2\/pages\/1318\/revisions"}],"predecessor-version":[{"id":1327,"href":"https:\/\/ocupharm.com\/en\/wp-json\/wp\/v2\/pages\/1318\/revisions\/1327"}],"wp:attachment":[{"href":"https:\/\/ocupharm.com\/en\/wp-json\/wp\/v2\/media?parent=1318"}],"curies":[{"name":"wp","href":"https:\/\/api.w.org\/{rel}","templated":true}]}}