{"id":1247,"date":"2024-04-08T19:28:27","date_gmt":"2024-04-08T17:28:27","guid":{"rendered":"https:\/\/ocupharm.com\/bioquimica-molecular\/"},"modified":"2024-04-25T13:32:18","modified_gmt":"2024-04-25T11:32:18","slug":"molecular-biochemistry","status":"publish","type":"page","link":"https:\/\/ocupharm.com\/en\/molecular-biochemistry\/","title":{"rendered":"Molecular Biochemistry"},"content":{"rendered":"\t\t<div data-elementor-type=\"wp-page\" data-elementor-id=\"1247\" class=\"elementor elementor-1247 elementor-687\" data-elementor-post-type=\"page\">\n\t\t\t\t\t\t<section class=\"elementor-section elementor-top-section elementor-element elementor-element-8a16489 elementor-section-boxed elementor-section-height-default elementor-section-height-default\" data-id=\"8a16489\" data-element_type=\"section\" data-e-type=\"section\" data-settings=\"{&quot;background_background&quot;:&quot;classic&quot;}\">\n\t\t\t\t\t\t\t<div class=\"elementor-background-overlay\"><\/div>\n\t\t\t\t\t\t\t<div class=\"elementor-container elementor-column-gap-default\">\n\t\t\t\t\t<div class=\"elementor-column elementor-col-100 elementor-top-column elementor-element elementor-element-73b306cb\" data-id=\"73b306cb\" data-element_type=\"column\" data-e-type=\"column\">\n\t\t\t<div class=\"elementor-widget-wrap elementor-element-populated\">\n\t\t\t\t\t\t<section class=\"elementor-section elementor-inner-section elementor-element elementor-element-2de0934a elementor-section-boxed elementor-section-height-default elementor-section-height-default\" data-id=\"2de0934a\" data-element_type=\"section\" data-e-type=\"section\">\n\t\t\t\t\t\t<div class=\"elementor-container elementor-column-gap-default\">\n\t\t\t\t\t<div class=\"elementor-column elementor-col-100 elementor-inner-column elementor-element elementor-element-4f40a6f0\" data-id=\"4f40a6f0\" data-element_type=\"column\" data-e-type=\"column\" data-settings=\"{&quot;background_background&quot;:&quot;classic&quot;}\">\n\t\t\t<div class=\"elementor-widget-wrap elementor-element-populated\">\n\t\t\t\t\t\t<div class=\"elementor-element elementor-element-56d76308 elementor-widget elementor-widget-heading\" data-id=\"56d76308\" data-element_type=\"widget\" data-e-type=\"widget\" data-widget_type=\"heading.default\">\n\t\t\t\t<div class=\"elementor-widget-container\">\n\t\t\t\t\t<h2 class=\"elementor-heading-title elementor-size-default\">Molecular Biochemistry<\/h2>\t\t\t\t<\/div>\n\t\t\t\t<\/div>\n\t\t\t\t<div class=\"elementor-element elementor-element-1754376 elementor-widget elementor-widget-text-editor\" data-id=\"1754376\" data-element_type=\"widget\" data-e-type=\"widget\" data-widget_type=\"text-editor.default\">\n\t\t\t\t<div class=\"elementor-widget-container\">\n\t\t\t\t\t\t\t\t\t<p class=\"p1\">Within personalized studies, we offer the possibility to quantify processes associated with disease treatment by measuring specific genes or protein biomarkers.<\/p>\t\t\t\t\t\t\t\t<\/div>\n\t\t\t\t<\/div>\n\t\t\t\t\t<\/div>\n\t\t<\/div>\n\t\t\t\t\t<\/div>\n\t\t<\/section>\n\t\t\t\t\t<\/div>\n\t\t<\/div>\n\t\t\t\t\t<\/div>\n\t\t<\/section>\n\t\t<div class=\"elementor-element elementor-element-3a5b11c e-grid e-con-boxed e-con e-parent\" data-id=\"3a5b11c\" data-element_type=\"container\" data-e-type=\"container\">\n\t\t\t\t\t<div class=\"e-con-inner\">\n\t\t<div class=\"elementor-element elementor-element-475e49c2 e-flex e-con-boxed e-con e-child\" data-id=\"475e49c2\" data-element_type=\"container\" data-e-type=\"container\">\n\t\t\t\t\t<div class=\"e-con-inner\">\n\t\t\t\t<div class=\"elementor-element elementor-element-77966fa6 elementor-view-default elementor-widget elementor-widget-icon\" data-id=\"77966fa6\" data-element_type=\"widget\" data-e-type=\"widget\" data-widget_type=\"icon.default\">\n\t\t\t\t<div class=\"elementor-widget-container\">\n\t\t\t\t\t\t\t<div class=\"elementor-icon-wrapper\">\n\t\t\t<div class=\"elementor-icon\">\n\t\t\t<i aria-hidden=\"true\" class=\"icon icon-heart-pulse\"><\/i>\t\t\t<\/div>\n\t\t<\/div>\n\t\t\t\t\t\t<\/div>\n\t\t\t\t<\/div>\n\t\t\t\t<div class=\"elementor-element elementor-element-5d8fdac0 elementor-widget elementor-widget-heading\" data-id=\"5d8fdac0\" data-element_type=\"widget\" data-e-type=\"widget\" data-widget_type=\"heading.default\">\n\t\t\t\t<div class=\"elementor-widget-container\">\n\t\t\t\t\t<h3 class=\"elementor-heading-title elementor-size-default\">Genomics<\/h3>\t\t\t\t<\/div>\n\t\t\t\t<\/div>\n\t\t\t\t<div class=\"elementor-element elementor-element-73381a8a elementor-widget__width-initial elementor-widget elementor-widget-text-editor\" data-id=\"73381a8a\" data-element_type=\"widget\" data-e-type=\"widget\" data-widget_type=\"text-editor.default\">\n\t\t\t\t<div class=\"elementor-widget-container\">\n\t\t\t\t\t\t\t\t\t<p class=\"p1\">Gene expression assays using real-time PCR. Studies for the quantification of proinflammatory genes (IL-6, IL-8, MMP9, INF-\u03b1, -\u03b3) in ex vivo animal and human samples.<\/p>\t\t\t\t\t\t\t\t<\/div>\n\t\t\t\t<\/div>\n\t\t\t\t\t<\/div>\n\t\t\t\t<\/div>\n\t\t<div class=\"elementor-element elementor-element-1de23163 e-flex e-con-boxed e-con e-child\" data-id=\"1de23163\" data-element_type=\"container\" data-e-type=\"container\">\n\t\t\t\t\t<div class=\"e-con-inner\">\n\t\t\t\t<div class=\"elementor-element elementor-element-7c6fe45 elementor-view-default elementor-widget elementor-widget-icon\" data-id=\"7c6fe45\" data-element_type=\"widget\" data-e-type=\"widget\" data-widget_type=\"icon.default\">\n\t\t\t\t<div class=\"elementor-widget-container\">\n\t\t\t\t\t\t\t<div class=\"elementor-icon-wrapper\">\n\t\t\t<div class=\"elementor-icon\">\n\t\t\t<i aria-hidden=\"true\" class=\"icon icon-heart-pulse\"><\/i>\t\t\t<\/div>\n\t\t<\/div>\n\t\t\t\t\t\t<\/div>\n\t\t\t\t<\/div>\n\t\t\t\t<div class=\"elementor-element elementor-element-3c95a772 elementor-widget elementor-widget-heading\" data-id=\"3c95a772\" data-element_type=\"widget\" data-e-type=\"widget\" data-widget_type=\"heading.default\">\n\t\t\t\t<div class=\"elementor-widget-container\">\n\t\t\t\t\t<h3 class=\"elementor-heading-title elementor-size-default\">Proteomics<\/h3>\t\t\t\t<\/div>\n\t\t\t\t<\/div>\n\t\t\t\t<div class=\"elementor-element elementor-element-66e5e83d elementor-widget elementor-widget-text-editor\" data-id=\"66e5e83d\" data-element_type=\"widget\" data-e-type=\"widget\" data-widget_type=\"text-editor.default\">\n\t\t\t\t<div class=\"elementor-widget-container\">\n\t\t\t\t\t\t\t\t\t<p>Proteomic quantifications using ELISA KITs for TNF-\u03b1, IL-6, IL-8, and MMP9. TOF (Time-of-Flight) mass spectrometry services, quadrupole or ion trap.<\/p>\t\t\t\t\t\t\t\t<\/div>\n\t\t\t\t<\/div>\n\t\t\t\t\t<\/div>\n\t\t\t\t<\/div>\n\t\t\t\t\t<\/div>\n\t\t\t\t<\/div>\n\t\t\t\t<\/div>\n\t\t","protected":false},"excerpt":{"rendered":"<p>Molecular Biochemistry Within personalized studies, we offer the possibility to quantify processes associated with disease treatment by measuring specific genes or protein biomarkers. Genomics Gene expression assays using real-time PCR. Studies for the quantification of proinflammatory genes (IL-6, IL-8, MMP9, INF-\u03b1, -\u03b3) in ex vivo animal and human samples. Proteomics Proteomic quantifications using ELISA KITs [&hellip;]<\/p>\n","protected":false},"author":2,"featured_media":0,"parent":0,"menu_order":0,"comment_status":"closed","ping_status":"closed","template":"elementor_header_footer","meta":{"_joinchat":[],"footnotes":""},"class_list":["post-1247","page","type-page","status-publish","hentry"],"yoast_head":"<!-- This site is optimized with the Yoast SEO plugin v25.6 - https:\/\/yoast.com\/wordpress\/plugins\/seo\/ -->\n<title>Molecular Biochemistry - ocupharm<\/title>\n<meta name=\"robots\" content=\"index, follow, max-snippet:-1, max-image-preview:large, max-video-preview:-1\" \/>\n<link rel=\"canonical\" href=\"https:\/\/ocupharm.com\/bioquimica-molecular\/\" \/>\n<meta property=\"og:locale\" content=\"en_US\" \/>\n<meta property=\"og:type\" content=\"article\" \/>\n<meta property=\"og:title\" content=\"Molecular Biochemistry - ocupharm\" \/>\n<meta property=\"og:description\" content=\"Molecular Biochemistry Within personalized studies, we offer the possibility to quantify processes associated with disease treatment by measuring specific genes or protein biomarkers. Genomics Gene expression assays using real-time PCR. Studies for the quantification of proinflammatory genes (IL-6, IL-8, MMP9, INF-\u03b1, -\u03b3) in ex vivo animal and human samples. Proteomics Proteomic quantifications using ELISA KITs [&hellip;]\" \/>\n<meta property=\"og:url\" content=\"https:\/\/ocupharm.com\/bioquimica-molecular\/\" \/>\n<meta property=\"og:site_name\" content=\"ocupharm\" \/>\n<meta property=\"article:modified_time\" content=\"2024-04-25T11:32:18+00:00\" \/>\n<meta name=\"twitter:card\" content=\"summary_large_image\" \/>\n<script type=\"application\/ld+json\" class=\"yoast-schema-graph\">{\"@context\":\"https:\/\/schema.org\",\"@graph\":[{\"@type\":\"WebPage\",\"@id\":\"https:\/\/ocupharm.com\/bioquimica-molecular\/\",\"url\":\"https:\/\/ocupharm.com\/bioquimica-molecular\/\",\"name\":\"Molecular Biochemistry - ocupharm\",\"isPartOf\":{\"@id\":\"https:\/\/ocupharm.com\/#website\"},\"datePublished\":\"2024-04-08T17:28:27+00:00\",\"dateModified\":\"2024-04-25T11:32:18+00:00\",\"breadcrumb\":{\"@id\":\"https:\/\/ocupharm.com\/bioquimica-molecular\/#breadcrumb\"},\"inLanguage\":\"en-US\",\"potentialAction\":[{\"@type\":\"ReadAction\",\"target\":[\"https:\/\/ocupharm.com\/bioquimica-molecular\/\"]}]},{\"@type\":\"BreadcrumbList\",\"@id\":\"https:\/\/ocupharm.com\/bioquimica-molecular\/#breadcrumb\",\"itemListElement\":[{\"@type\":\"ListItem\",\"position\":1,\"name\":\"Portada\",\"item\":\"https:\/\/ocupharm.com\/en\/\"},{\"@type\":\"ListItem\",\"position\":2,\"name\":\"Molecular Biochemistry\"}]},{\"@type\":\"WebSite\",\"@id\":\"https:\/\/ocupharm.com\/#website\",\"url\":\"https:\/\/ocupharm.com\/\",\"name\":\"ocupharm\",\"description\":\"Asistencia y ayuda a la investigaci\u00f3n, desarrollo y regulaci\u00f3n de productos oftalmol\u00f3gicos.\",\"publisher\":{\"@id\":\"https:\/\/ocupharm.com\/#organization\"},\"potentialAction\":[{\"@type\":\"SearchAction\",\"target\":{\"@type\":\"EntryPoint\",\"urlTemplate\":\"https:\/\/ocupharm.com\/?s={search_term_string}\"},\"query-input\":{\"@type\":\"PropertyValueSpecification\",\"valueRequired\":true,\"valueName\":\"search_term_string\"}}],\"inLanguage\":\"en-US\"},{\"@type\":\"Organization\",\"@id\":\"https:\/\/ocupharm.com\/#organization\",\"name\":\"ocupharm\",\"url\":\"https:\/\/ocupharm.com\/\",\"logo\":{\"@type\":\"ImageObject\",\"inLanguage\":\"en-US\",\"@id\":\"https:\/\/ocupharm.com\/#\/schema\/logo\/image\/\",\"url\":\"https:\/\/ocupharm.com\/wp-content\/uploads\/2024\/04\/ocupahrmlogo.png\",\"contentUrl\":\"https:\/\/ocupharm.com\/wp-content\/uploads\/2024\/04\/ocupahrmlogo.png\",\"width\":196,\"height\":40,\"caption\":\"ocupharm\"},\"image\":{\"@id\":\"https:\/\/ocupharm.com\/#\/schema\/logo\/image\/\"}}]}<\/script>\n<!-- \/ Yoast SEO plugin. -->","yoast_head_json":{"title":"Molecular Biochemistry - ocupharm","robots":{"index":"index","follow":"follow","max-snippet":"max-snippet:-1","max-image-preview":"max-image-preview:large","max-video-preview":"max-video-preview:-1"},"canonical":"https:\/\/ocupharm.com\/bioquimica-molecular\/","og_locale":"en_US","og_type":"article","og_title":"Molecular Biochemistry - ocupharm","og_description":"Molecular Biochemistry Within personalized studies, we offer the possibility to quantify processes associated with disease treatment by measuring specific genes or protein biomarkers. Genomics Gene expression assays using real-time PCR. Studies for the quantification of proinflammatory genes (IL-6, IL-8, MMP9, INF-\u03b1, -\u03b3) in ex vivo animal and human samples. Proteomics Proteomic quantifications using ELISA KITs [&hellip;]","og_url":"https:\/\/ocupharm.com\/bioquimica-molecular\/","og_site_name":"ocupharm","article_modified_time":"2024-04-25T11:32:18+00:00","twitter_card":"summary_large_image","schema":{"@context":"https:\/\/schema.org","@graph":[{"@type":"WebPage","@id":"https:\/\/ocupharm.com\/bioquimica-molecular\/","url":"https:\/\/ocupharm.com\/bioquimica-molecular\/","name":"Molecular Biochemistry - ocupharm","isPartOf":{"@id":"https:\/\/ocupharm.com\/#website"},"datePublished":"2024-04-08T17:28:27+00:00","dateModified":"2024-04-25T11:32:18+00:00","breadcrumb":{"@id":"https:\/\/ocupharm.com\/bioquimica-molecular\/#breadcrumb"},"inLanguage":"en-US","potentialAction":[{"@type":"ReadAction","target":["https:\/\/ocupharm.com\/bioquimica-molecular\/"]}]},{"@type":"BreadcrumbList","@id":"https:\/\/ocupharm.com\/bioquimica-molecular\/#breadcrumb","itemListElement":[{"@type":"ListItem","position":1,"name":"Portada","item":"https:\/\/ocupharm.com\/en\/"},{"@type":"ListItem","position":2,"name":"Molecular Biochemistry"}]},{"@type":"WebSite","@id":"https:\/\/ocupharm.com\/#website","url":"https:\/\/ocupharm.com\/","name":"ocupharm","description":"Asistencia y ayuda a la investigaci\u00f3n, desarrollo y regulaci\u00f3n de productos oftalmol\u00f3gicos.","publisher":{"@id":"https:\/\/ocupharm.com\/#organization"},"potentialAction":[{"@type":"SearchAction","target":{"@type":"EntryPoint","urlTemplate":"https:\/\/ocupharm.com\/?s={search_term_string}"},"query-input":{"@type":"PropertyValueSpecification","valueRequired":true,"valueName":"search_term_string"}}],"inLanguage":"en-US"},{"@type":"Organization","@id":"https:\/\/ocupharm.com\/#organization","name":"ocupharm","url":"https:\/\/ocupharm.com\/","logo":{"@type":"ImageObject","inLanguage":"en-US","@id":"https:\/\/ocupharm.com\/#\/schema\/logo\/image\/","url":"https:\/\/ocupharm.com\/wp-content\/uploads\/2024\/04\/ocupahrmlogo.png","contentUrl":"https:\/\/ocupharm.com\/wp-content\/uploads\/2024\/04\/ocupahrmlogo.png","width":196,"height":40,"caption":"ocupharm"},"image":{"@id":"https:\/\/ocupharm.com\/#\/schema\/logo\/image\/"}}]}},"_links":{"self":[{"href":"https:\/\/ocupharm.com\/en\/wp-json\/wp\/v2\/pages\/1247","targetHints":{"allow":["GET"]}}],"collection":[{"href":"https:\/\/ocupharm.com\/en\/wp-json\/wp\/v2\/pages"}],"about":[{"href":"https:\/\/ocupharm.com\/en\/wp-json\/wp\/v2\/types\/page"}],"author":[{"embeddable":true,"href":"https:\/\/ocupharm.com\/en\/wp-json\/wp\/v2\/users\/2"}],"replies":[{"embeddable":true,"href":"https:\/\/ocupharm.com\/en\/wp-json\/wp\/v2\/comments?post=1247"}],"version-history":[{"count":4,"href":"https:\/\/ocupharm.com\/en\/wp-json\/wp\/v2\/pages\/1247\/revisions"}],"predecessor-version":[{"id":1252,"href":"https:\/\/ocupharm.com\/en\/wp-json\/wp\/v2\/pages\/1247\/revisions\/1252"}],"wp:attachment":[{"href":"https:\/\/ocupharm.com\/en\/wp-json\/wp\/v2\/media?parent=1247"}],"curies":[{"name":"wp","href":"https:\/\/api.w.org\/{rel}","templated":true}]}}