{"id":1228,"date":"2024-04-15T22:24:07","date_gmt":"2024-04-15T20:24:07","guid":{"rendered":"https:\/\/ocupharm.com\/bienestar-animal\/"},"modified":"2024-04-25T13:23:33","modified_gmt":"2024-04-25T11:23:33","slug":"animal-welfare","status":"publish","type":"page","link":"https:\/\/ocupharm.com\/en\/animal-welfare\/","title":{"rendered":"Animal Welfare"},"content":{"rendered":"\t\t<div data-elementor-type=\"wp-page\" data-elementor-id=\"1228\" class=\"elementor elementor-1228 elementor-942\" data-elementor-post-type=\"page\">\n\t\t\t\t<div class=\"elementor-element elementor-element-72a4ff3 e-flex e-con-boxed e-con e-parent\" data-id=\"72a4ff3\" data-element_type=\"container\" data-settings=\"{&quot;background_background&quot;:&quot;classic&quot;}\">\n\t\t\t\t\t<div class=\"e-con-inner\">\n\t\t<div class=\"elementor-element elementor-element-7dfce84 e-flex e-con-boxed e-con e-child\" data-id=\"7dfce84\" data-element_type=\"container\">\n\t\t\t\t\t<div class=\"e-con-inner\">\n\t\t\t\t\t<\/div>\n\t\t\t\t<\/div>\n\t\t\t\t\t<\/div>\n\t\t\t\t<\/div>\n\t\t<div class=\"elementor-element elementor-element-b29cfc4 e-grid e-con-boxed e-con e-parent\" data-id=\"b29cfc4\" data-element_type=\"container\">\n\t\t\t\t\t<div class=\"e-con-inner\">\n\t\t<div class=\"elementor-element elementor-element-a1497b4 e-flex e-con-boxed e-con e-child\" data-id=\"a1497b4\" data-element_type=\"container\">\n\t\t\t\t\t<div class=\"e-con-inner\">\n\t\t\t\t<div class=\"elementor-element elementor-element-cb6accb elementor-widget__width-initial elementor-widget elementor-widget-heading\" data-id=\"cb6accb\" data-element_type=\"widget\" data-widget_type=\"heading.default\">\n\t\t\t\t<div class=\"elementor-widget-container\">\n\t\t\t\t\t<h2 class=\"elementor-heading-title elementor-size-default\">Institutional statement on the use of animals in experimentation<\/h2>\t\t\t\t<\/div>\n\t\t\t\t<\/div>\n\t\t\t\t\t<\/div>\n\t\t\t\t<\/div>\n\t\t<div class=\"elementor-element elementor-element-3ce1d6e e-flex e-con-boxed e-con e-child\" data-id=\"3ce1d6e\" data-element_type=\"container\" data-settings=\"{&quot;background_background&quot;:&quot;classic&quot;}\">\n\t\t\t\t\t<div class=\"e-con-inner\">\n\t\t\t\t<div class=\"elementor-element elementor-element-f0a41f9 elementor-widget elementor-widget-text-editor\" data-id=\"f0a41f9\" data-element_type=\"widget\" data-widget_type=\"text-editor.default\">\n\t\t\t\t<div class=\"elementor-widget-container\">\n\t\t\t\t\t\t\t\t\t<p>We believe that animal experimentation plays a fundamental role in discovering the underlying biological mechanisms of disease and in developing medical treatments. Without animal research, we would not have most of the medications, antibiotics, vaccines, and surgical techniques used in both human and veterinary medicine today.<\/p><p>An important part of the research carried out at Ocupharm Diagnostics aims to contribute to the improvement of human health and well-being, and is made possible by the use of animals, for example, during preclinical studies of toxicity and efficacy required to bring new drugs to the clinical phase.<\/p><p>In accordance with current legislation, no compound can be tested on humans without first being tested on animals. Preclinical studies aim to anticipate any risk the drug may cause to humans, making the use of animals in experimentation almost unavoidable.<\/p><p>The well-being of the animals used for research purposes is of utmost importance to Ocupharm Diagnostics, as is the strict compliance with and respect for current legislation on the protection of animals used in research and for other scientific purposes, including education. Our goal is to achieve the highest standards in animal welfare, not only from the perspective of our moral responsibility towards them but also because we believe that we could not achieve excellence in research without adequate animal welfare. Our experiments with animals follow the legal standard and are evaluated by an Animal Experimentation Ethics Committee that promotes the use of alternative methods, the reduction in the number of animals used, and the refinement of applied experimental protocols. No research project that requires the use of animals could start without proper and required ethical evaluation and subsequent authorization from competent authorities.<\/p><p>Ocupharm Diagnostics also ensures that staff involved in animal care and researchers have the proper education and training, the necessary professional skills, and that all resources are provided to properly maintain research animals in terms of facilities, breeding, welfare, and veterinary care.<\/p><p>All of Ocupharm Diagnostics&#8217; working procedures comply with EU Directive (2010\/63\/EU) and Spanish Regulation (RD 53\/2013).<\/p>\t\t\t\t\t\t\t\t<\/div>\n\t\t\t\t<\/div>\n\t\t\t\t\t<\/div>\n\t\t\t\t<\/div>\n\t\t\t\t\t<\/div>\n\t\t\t\t<\/div>\n\t\t\t\t<\/div>\n\t\t","protected":false},"excerpt":{"rendered":"<p>Institutional statement on the use of animals in experimentation We believe that animal experimentation plays a fundamental role in discovering the underlying biological mechanisms of disease and in developing medical treatments. Without animal research, we would not have most of the medications, antibiotics, vaccines, and surgical techniques used in both human and veterinary medicine today. [&hellip;]<\/p>\n","protected":false},"author":2,"featured_media":0,"parent":0,"menu_order":0,"comment_status":"closed","ping_status":"closed","template":"elementor_header_footer","meta":{"_joinchat":[],"footnotes":""},"class_list":["post-1228","page","type-page","status-publish","hentry"],"yoast_head":"<!-- This site is optimized with the Yoast SEO plugin v25.6 - https:\/\/yoast.com\/wordpress\/plugins\/seo\/ -->\n<title>Animal Welfare - ocupharm<\/title>\n<meta name=\"robots\" content=\"index, follow, max-snippet:-1, max-image-preview:large, max-video-preview:-1\" \/>\n<link rel=\"canonical\" href=\"https:\/\/ocupharm.com\/bienestar-animal\/\" \/>\n<meta property=\"og:locale\" content=\"en_US\" \/>\n<meta property=\"og:type\" content=\"article\" \/>\n<meta property=\"og:title\" content=\"Animal Welfare - ocupharm\" \/>\n<meta property=\"og:description\" content=\"Institutional statement on the use of animals in experimentation We believe that animal experimentation plays a fundamental role in discovering the underlying biological mechanisms of disease and in developing medical treatments. Without animal research, we would not have most of the medications, antibiotics, vaccines, and surgical techniques used in both human and veterinary medicine today. [&hellip;]\" \/>\n<meta property=\"og:url\" content=\"https:\/\/ocupharm.com\/bienestar-animal\/\" \/>\n<meta property=\"og:site_name\" content=\"ocupharm\" \/>\n<meta property=\"article:modified_time\" content=\"2024-04-25T11:23:33+00:00\" \/>\n<meta name=\"twitter:card\" content=\"summary_large_image\" \/>\n<meta name=\"twitter:label1\" content=\"Est. reading time\" \/>\n\t<meta name=\"twitter:data1\" content=\"2 minutes\" \/>\n<script type=\"application\/ld+json\" class=\"yoast-schema-graph\">{\"@context\":\"https:\/\/schema.org\",\"@graph\":[{\"@type\":\"WebPage\",\"@id\":\"https:\/\/ocupharm.com\/bienestar-animal\/\",\"url\":\"https:\/\/ocupharm.com\/bienestar-animal\/\",\"name\":\"Animal Welfare - ocupharm\",\"isPartOf\":{\"@id\":\"https:\/\/ocupharm.com\/#website\"},\"datePublished\":\"2024-04-15T20:24:07+00:00\",\"dateModified\":\"2024-04-25T11:23:33+00:00\",\"breadcrumb\":{\"@id\":\"https:\/\/ocupharm.com\/bienestar-animal\/#breadcrumb\"},\"inLanguage\":\"en-US\",\"potentialAction\":[{\"@type\":\"ReadAction\",\"target\":[\"https:\/\/ocupharm.com\/bienestar-animal\/\"]}]},{\"@type\":\"BreadcrumbList\",\"@id\":\"https:\/\/ocupharm.com\/bienestar-animal\/#breadcrumb\",\"itemListElement\":[{\"@type\":\"ListItem\",\"position\":1,\"name\":\"Portada\",\"item\":\"https:\/\/ocupharm.com\/en\/\"},{\"@type\":\"ListItem\",\"position\":2,\"name\":\"Animal Welfare\"}]},{\"@type\":\"WebSite\",\"@id\":\"https:\/\/ocupharm.com\/#website\",\"url\":\"https:\/\/ocupharm.com\/\",\"name\":\"ocupharm\",\"description\":\"Asistencia y ayuda a la investigaci\u00f3n, desarrollo y regulaci\u00f3n de productos oftalmol\u00f3gicos.\",\"publisher\":{\"@id\":\"https:\/\/ocupharm.com\/#organization\"},\"potentialAction\":[{\"@type\":\"SearchAction\",\"target\":{\"@type\":\"EntryPoint\",\"urlTemplate\":\"https:\/\/ocupharm.com\/?s={search_term_string}\"},\"query-input\":{\"@type\":\"PropertyValueSpecification\",\"valueRequired\":true,\"valueName\":\"search_term_string\"}}],\"inLanguage\":\"en-US\"},{\"@type\":\"Organization\",\"@id\":\"https:\/\/ocupharm.com\/#organization\",\"name\":\"ocupharm\",\"url\":\"https:\/\/ocupharm.com\/\",\"logo\":{\"@type\":\"ImageObject\",\"inLanguage\":\"en-US\",\"@id\":\"https:\/\/ocupharm.com\/#\/schema\/logo\/image\/\",\"url\":\"https:\/\/ocupharm.com\/wp-content\/uploads\/2024\/04\/ocupahrmlogo.png\",\"contentUrl\":\"https:\/\/ocupharm.com\/wp-content\/uploads\/2024\/04\/ocupahrmlogo.png\",\"width\":196,\"height\":40,\"caption\":\"ocupharm\"},\"image\":{\"@id\":\"https:\/\/ocupharm.com\/#\/schema\/logo\/image\/\"}}]}<\/script>\n<!-- \/ Yoast SEO plugin. -->","yoast_head_json":{"title":"Animal Welfare - ocupharm","robots":{"index":"index","follow":"follow","max-snippet":"max-snippet:-1","max-image-preview":"max-image-preview:large","max-video-preview":"max-video-preview:-1"},"canonical":"https:\/\/ocupharm.com\/bienestar-animal\/","og_locale":"en_US","og_type":"article","og_title":"Animal Welfare - ocupharm","og_description":"Institutional statement on the use of animals in experimentation We believe that animal experimentation plays a fundamental role in discovering the underlying biological mechanisms of disease and in developing medical treatments. Without animal research, we would not have most of the medications, antibiotics, vaccines, and surgical techniques used in both human and veterinary medicine today. [&hellip;]","og_url":"https:\/\/ocupharm.com\/bienestar-animal\/","og_site_name":"ocupharm","article_modified_time":"2024-04-25T11:23:33+00:00","twitter_card":"summary_large_image","twitter_misc":{"Est. reading time":"2 minutes"},"schema":{"@context":"https:\/\/schema.org","@graph":[{"@type":"WebPage","@id":"https:\/\/ocupharm.com\/bienestar-animal\/","url":"https:\/\/ocupharm.com\/bienestar-animal\/","name":"Animal Welfare - ocupharm","isPartOf":{"@id":"https:\/\/ocupharm.com\/#website"},"datePublished":"2024-04-15T20:24:07+00:00","dateModified":"2024-04-25T11:23:33+00:00","breadcrumb":{"@id":"https:\/\/ocupharm.com\/bienestar-animal\/#breadcrumb"},"inLanguage":"en-US","potentialAction":[{"@type":"ReadAction","target":["https:\/\/ocupharm.com\/bienestar-animal\/"]}]},{"@type":"BreadcrumbList","@id":"https:\/\/ocupharm.com\/bienestar-animal\/#breadcrumb","itemListElement":[{"@type":"ListItem","position":1,"name":"Portada","item":"https:\/\/ocupharm.com\/en\/"},{"@type":"ListItem","position":2,"name":"Animal Welfare"}]},{"@type":"WebSite","@id":"https:\/\/ocupharm.com\/#website","url":"https:\/\/ocupharm.com\/","name":"ocupharm","description":"Asistencia y ayuda a la investigaci\u00f3n, desarrollo y regulaci\u00f3n de productos oftalmol\u00f3gicos.","publisher":{"@id":"https:\/\/ocupharm.com\/#organization"},"potentialAction":[{"@type":"SearchAction","target":{"@type":"EntryPoint","urlTemplate":"https:\/\/ocupharm.com\/?s={search_term_string}"},"query-input":{"@type":"PropertyValueSpecification","valueRequired":true,"valueName":"search_term_string"}}],"inLanguage":"en-US"},{"@type":"Organization","@id":"https:\/\/ocupharm.com\/#organization","name":"ocupharm","url":"https:\/\/ocupharm.com\/","logo":{"@type":"ImageObject","inLanguage":"en-US","@id":"https:\/\/ocupharm.com\/#\/schema\/logo\/image\/","url":"https:\/\/ocupharm.com\/wp-content\/uploads\/2024\/04\/ocupahrmlogo.png","contentUrl":"https:\/\/ocupharm.com\/wp-content\/uploads\/2024\/04\/ocupahrmlogo.png","width":196,"height":40,"caption":"ocupharm"},"image":{"@id":"https:\/\/ocupharm.com\/#\/schema\/logo\/image\/"}}]}},"_links":{"self":[{"href":"https:\/\/ocupharm.com\/en\/wp-json\/wp\/v2\/pages\/1228","targetHints":{"allow":["GET"]}}],"collection":[{"href":"https:\/\/ocupharm.com\/en\/wp-json\/wp\/v2\/pages"}],"about":[{"href":"https:\/\/ocupharm.com\/en\/wp-json\/wp\/v2\/types\/page"}],"author":[{"embeddable":true,"href":"https:\/\/ocupharm.com\/en\/wp-json\/wp\/v2\/users\/2"}],"replies":[{"embeddable":true,"href":"https:\/\/ocupharm.com\/en\/wp-json\/wp\/v2\/comments?post=1228"}],"version-history":[{"count":11,"href":"https:\/\/ocupharm.com\/en\/wp-json\/wp\/v2\/pages\/1228\/revisions"}],"predecessor-version":[{"id":1246,"href":"https:\/\/ocupharm.com\/en\/wp-json\/wp\/v2\/pages\/1228\/revisions\/1246"}],"wp:attachment":[{"href":"https:\/\/ocupharm.com\/en\/wp-json\/wp\/v2\/media?parent=1228"}],"curies":[{"name":"wp","href":"https:\/\/api.w.org\/{rel}","templated":true}]}}